{"id":11181,"date":"2020-05-28T15:38:16","date_gmt":"2020-05-28T15:38:16","guid":{"rendered":"https:\/\/caballosllargues.es\/producto\/antike-holzherzog\/"},"modified":"2023-11-20T01:08:29","modified_gmt":"2023-11-20T01:08:29","slug":"antike-holzherzog","status":"publish","type":"product","link":"https:\/\/caballosllargues.es\/de\/producto\/antike-holzherzog\/","title":{"rendered":"ANTIKE HOLZHERZOG"},"content":{"rendered":"<p>[et_pb_section fb_built=&#8220;1&#8243; _builder_version=&#8220;3.22&#8243; custom_padding=&#8220;0px||||false|false&#8220; global_colors_info=&#8220;{}&#8220;][et_pb_row _builder_version=&#8220;3.25&#8243; background_size=&#8220;initial&#8220; background_position=&#8220;top_left&#8220; background_repeat=&#8220;repeat&#8220; width=&#8220;100%&#8220; custom_padding=&#8220;0px||0px||false|false&#8220; global_colors_info=&#8220;{}&#8220;][et_pb_column type=&#8220;4_4&#8243; _builder_version=&#8220;3.25&#8243; custom_padding=&#8220;|||&#8220; global_colors_info=&#8220;{}&#8220; custom_padding__hover=&#8220;|||&#8220;][et_pb_wc_breadcrumb _builder_version=&#8220;3.0.47&#8243; global_colors_info=&#8220;{}&#8220;][\/et_pb_wc_breadcrumb][et_pb_wc_cart_notice _builder_version=&#8220;3.0.47&#8243; global_colors_info=&#8220;{}&#8220;][\/et_pb_wc_cart_notice][\/et_pb_column][\/et_pb_row][et_pb_row column_structure=&#8220;1_2,1_2&#8243; _builder_version=&#8220;3.25&#8243; background_size=&#8220;initial&#8220; background_position=&#8220;top_left&#8220; background_repeat=&#8220;repeat&#8220; width=&#8220;100%&#8220; custom_padding=&#8220;0px||||false|false&#8220; global_colors_info=&#8220;{}&#8220;][et_pb_column type=&#8220;1_2&#8243; _builder_version=&#8220;3.25&#8243; custom_padding=&#8220;|||&#8220; global_colors_info=&#8220;{}&#8220; custom_padding__hover=&#8220;|||&#8220;][et_pb_wc_images _builder_version=&#8220;3.0.47&#8243; global_colors_info=&#8220;{}&#8220;][\/et_pb_wc_images][\/et_pb_column][et_pb_column type=&#8220;1_2&#8243; _builder_version=&#8220;3.25&#8243; custom_padding=&#8220;|||&#8220; global_colors_info=&#8220;{}&#8220; custom_padding__hover=&#8220;|||&#8220;][et_pb_wc_title _builder_version=&#8220;3.0.47&#8243; global_colors_info=&#8220;{}&#8220;][\/et_pb_wc_title][et_pb_wc_rating _builder_version=&#8220;3.0.47&#8243; global_colors_info=&#8220;{}&#8220;][\/et_pb_wc_rating][et_pb_wc_price _builder_version=&#8220;3.0.47&#8243; global_colors_info=&#8220;{}&#8220;][\/et_pb_wc_price][et_pb_wc_description _builder_version=&#8220;3.0.47&#8243; global_colors_info=&#8220;{}&#8220;][\/et_pb_wc_description][et_pb_wc_add_to_cart _builder_version=&#8220;3.0.47&#8243; global_colors_info=&#8220;{}&#8220;][\/et_pb_wc_add_to_cart][et_pb_wc_meta _builder_version=&#8220;3.0.47&#8243; global_colors_info=&#8220;{}&#8220;][\/et_pb_wc_meta][\/et_pb_column][\/et_pb_row][et_pb_row _builder_version=&#8220;3.25&#8243; background_size=&#8220;initial&#8220; background_position=&#8220;top_left&#8220; background_repeat=&#8220;repeat&#8220; width=&#8220;100%&#8220; global_colors_info=&#8220;{}&#8220;][et_pb_column type=&#8220;4_4&#8243; _builder_version=&#8220;3.25&#8243; custom_padding=&#8220;|||&#8220; global_colors_info=&#8220;{}&#8220; custom_padding__hover=&#8220;|||&#8220;][et_pb_wc_tabs _builder_version=&#8220;3.0.47&#8243; global_colors_info=&#8220;{}&#8220;]\t\t\t\t\t[\/et_pb_wc_tabs][et_pb_wc_upsells _builder_version=&#8220;3.0.47&#8243; global_colors_info=&#8220;{}&#8220;][\/et_pb_wc_upsells][et_pb_wc_related_products _builder_version=&#8220;3.0.47&#8243; global_colors_info=&#8220;{}&#8220;][\/et_pb_wc_related_products][\/et_pb_column][\/et_pb_row][\/et_pb_section]<\/p>\n","protected":false},"excerpt":{"rendered":"<p>ANTIKE HOLZHERZOG<br \/>\nETWAS WIEDERHERSTELLEN<br \/>\nMIT UNTERZEICHNUNG DES HERSTELLERS<\/p>\n","protected":false},"featured_media":3342,"comment_status":"open","ping_status":"closed","template":"","meta":{"_jet_sm_ready_style":"","_jet_sm_style":"","_jet_sm_controls_values":"","_jet_sm_fonts_collection":"","_jet_sm_fonts_links":""},"product_brand":[],"product_cat":[415],"product_tag":[468],"class_list":{"0":"post-11181","1":"product","2":"type-product","3":"status-publish","4":"has-post-thumbnail","6":"product_cat-wagen","7":"product_tag-con-imagen","9":"first","10":"instock","11":"taxable","12":"shipping-taxable","13":"product-type-simple"},"yoast_head":"<!-- This site is optimized with the Yoast SEO Premium plugin v20.12 (Yoast SEO v24.7) - https:\/\/yoast.com\/wordpress\/plugins\/seo\/ -->\n<title>ANTIKE HOLZHERZOG - Caballos Llargu\u00e9s<\/title>\n<meta name=\"description\" content=\"Caballos Llargu\u00e9s pr\u00e4sentiert seinen ANTIKE HOLZHERZOG Kutschen, wir haben verschiedene Modelle und Kutschentypen. Frag uns!\" \/>\n<meta name=\"robots\" content=\"index, follow, max-snippet:-1, max-image-preview:large, max-video-preview:-1\" \/>\n<link rel=\"canonical\" href=\"https:\/\/caballosllargues.es\/de\/producto\/antike-holzherzog\/\" \/>\n<meta property=\"og:locale\" content=\"de_DE\" \/>\n<meta property=\"og:type\" content=\"article\" \/>\n<meta property=\"og:title\" content=\"ANTIKE HOLZHERZOG\" \/>\n<meta property=\"og:description\" content=\"Caballos Llargu\u00e9s pr\u00e4sentiert seinen ANTIKE HOLZHERZOG Kutschen, wir haben verschiedene Modelle und Kutschentypen. Frag uns!\" \/>\n<meta property=\"og:url\" content=\"https:\/\/caballosllargues.es\/de\/producto\/antike-holzherzog\/\" \/>\n<meta property=\"og:site_name\" content=\"Caballos Llargu\u00e9s\" \/>\n<meta property=\"article:publisher\" content=\"https:\/\/www.facebook.com\/caballos.llargues\/?locale=es_ES\" \/>\n<meta property=\"article:modified_time\" content=\"2023-11-20T01:08:29+00:00\" \/>\n<meta property=\"og:image\" content=\"https:\/\/caballosllargues.es\/wp-content\/uploads\/2020\/05\/IMG-20200528-WA0002.jpg\" \/>\n\t<meta property=\"og:image:width\" content=\"1600\" \/>\n\t<meta property=\"og:image:height\" content=\"1200\" \/>\n\t<meta property=\"og:image:type\" content=\"image\/jpeg\" \/>\n<meta name=\"twitter:card\" content=\"summary_large_image\" \/>\n<meta name=\"twitter:label1\" content=\"Preis\" \/>\n\t<meta name=\"twitter:data1\" content=\"\" \/>\n\t<meta name=\"twitter:label2\" content=\"Verf\u00fcgbarkeit\" \/>\n\t<meta name=\"twitter:data2\" content=\"Auf Lager\" \/>\n<script type=\"application\/ld+json\" class=\"yoast-schema-graph\">{\"@context\":\"https:\/\/schema.org\",\"@graph\":[{\"@type\":\"WebPage\",\"@id\":\"https:\/\/caballosllargues.es\/de\/producto\/antike-holzherzog\/\",\"url\":\"https:\/\/caballosllargues.es\/de\/producto\/antike-holzherzog\/\",\"name\":\"ANTIKE HOLZHERZOG - Caballos Llargu\u00e9s\",\"isPartOf\":{\"@id\":\"https:\/\/caballosllargues.es\/de\/#website\"},\"primaryImageOfPage\":{\"@id\":\"https:\/\/caballosllargues.es\/de\/producto\/antike-holzherzog\/#primaryimage\"},\"image\":{\"@id\":\"https:\/\/caballosllargues.es\/de\/producto\/antike-holzherzog\/#primaryimage\"},\"thumbnailUrl\":\"https:\/\/caballosllargues.es\/wp-content\/uploads\/2020\/05\/IMG-20200528-WA0002.jpg\",\"datePublished\":\"2020-05-28T15:38:16+00:00\",\"dateModified\":\"2023-11-20T01:08:29+00:00\",\"description\":\"Caballos Llargu\u00e9s pr\u00e4sentiert seinen ANTIKE HOLZHERZOG Kutschen, wir haben verschiedene Modelle und Kutschentypen. Frag uns!\",\"breadcrumb\":{\"@id\":\"https:\/\/caballosllargues.es\/de\/producto\/antike-holzherzog\/#breadcrumb\"},\"inLanguage\":\"de\",\"potentialAction\":[{\"@type\":\"ReadAction\",\"target\":[\"https:\/\/caballosllargues.es\/de\/producto\/antike-holzherzog\/\"]}]},{\"@type\":\"ImageObject\",\"inLanguage\":\"de\",\"@id\":\"https:\/\/caballosllargues.es\/de\/producto\/antike-holzherzog\/#primaryimage\",\"url\":\"https:\/\/caballosllargues.es\/wp-content\/uploads\/2020\/05\/IMG-20200528-WA0002.jpg\",\"contentUrl\":\"https:\/\/caballosllargues.es\/wp-content\/uploads\/2020\/05\/IMG-20200528-WA0002.jpg\",\"width\":1600,\"height\":1200},{\"@type\":\"BreadcrumbList\",\"@id\":\"https:\/\/caballosllargues.es\/de\/producto\/antike-holzherzog\/#breadcrumb\",\"itemListElement\":[{\"@type\":\"ListItem\",\"position\":1,\"name\":\"Home\",\"item\":\"https:\/\/caballosllargues.es\/de\/\"},{\"@type\":\"ListItem\",\"position\":2,\"name\":\"Produkte\",\"item\":\"https:\/\/caballosllargues.es\/de\/shop\/\"},{\"@type\":\"ListItem\",\"position\":3,\"name\":\"ANTIKE HOLZHERZOG\"}]},{\"@type\":\"WebSite\",\"@id\":\"https:\/\/caballosllargues.es\/de\/#website\",\"url\":\"https:\/\/caballosllargues.es\/de\/\",\"name\":\"Caballos Llargu\u00e9s\",\"description\":\"Compra - Venta de Caballos\",\"publisher\":{\"@id\":\"https:\/\/caballosllargues.es\/de\/#organization\"},\"potentialAction\":[{\"@type\":\"SearchAction\",\"target\":{\"@type\":\"EntryPoint\",\"urlTemplate\":\"https:\/\/caballosllargues.es\/de\/?s={search_term_string}\"},\"query-input\":{\"@type\":\"PropertyValueSpecification\",\"valueRequired\":true,\"valueName\":\"search_term_string\"}}],\"inLanguage\":\"de\"},{\"@type\":\"Organization\",\"@id\":\"https:\/\/caballosllargues.es\/de\/#organization\",\"name\":\"Caballos Llargu\u00e9s\",\"url\":\"https:\/\/caballosllargues.es\/de\/\",\"logo\":{\"@type\":\"ImageObject\",\"inLanguage\":\"de\",\"@id\":\"https:\/\/caballosllargues.es\/de\/#\/schema\/logo\/image\/\",\"url\":\"https:\/\/caballosllargues.es\/wp-content\/uploads\/2022\/07\/Nuevo-Logo-Caballos-Llargues-1.png\",\"contentUrl\":\"https:\/\/caballosllargues.es\/wp-content\/uploads\/2022\/07\/Nuevo-Logo-Caballos-Llargues-1.png\",\"width\":450,\"height\":367,\"caption\":\"Caballos Llargu\u00e9s\"},\"image\":{\"@id\":\"https:\/\/caballosllargues.es\/de\/#\/schema\/logo\/image\/\"},\"sameAs\":[\"https:\/\/www.facebook.com\/caballos.llargues\/?locale=es_ES\",\"https:\/\/www.instagram.com\/caballosllargues\/?hl=es\"]}]}<\/script>\n<meta property=\"product:price:amount\" content=\"0.00\" \/>\n<meta property=\"product:price:currency\" content=\"EUR\" \/>\n<meta property=\"og:availability\" content=\"instock\" \/>\n<meta property=\"product:availability\" content=\"instock\" \/>\n<meta property=\"product:condition\" content=\"new\" \/>\n<!-- \/ Yoast SEO Premium plugin. -->","yoast_head_json":{"title":"ANTIKE HOLZHERZOG - Caballos Llargu\u00e9s","description":"Caballos Llargu\u00e9s pr\u00e4sentiert seinen ANTIKE HOLZHERZOG Kutschen, wir haben verschiedene Modelle und Kutschentypen. Frag uns!","robots":{"index":"index","follow":"follow","max-snippet":"max-snippet:-1","max-image-preview":"max-image-preview:large","max-video-preview":"max-video-preview:-1"},"canonical":"https:\/\/caballosllargues.es\/de\/producto\/antike-holzherzog\/","og_locale":"de_DE","og_type":"article","og_title":"ANTIKE HOLZHERZOG","og_description":"Caballos Llargu\u00e9s pr\u00e4sentiert seinen ANTIKE HOLZHERZOG Kutschen, wir haben verschiedene Modelle und Kutschentypen. Frag uns!","og_url":"https:\/\/caballosllargues.es\/de\/producto\/antike-holzherzog\/","og_site_name":"Caballos Llargu\u00e9s","article_publisher":"https:\/\/www.facebook.com\/caballos.llargues\/?locale=es_ES","article_modified_time":"2023-11-20T01:08:29+00:00","og_image":[{"width":1600,"height":1200,"url":"https:\/\/caballosllargues.es\/wp-content\/uploads\/2020\/05\/IMG-20200528-WA0002.jpg","type":"image\/jpeg"}],"twitter_card":"summary_large_image","twitter_misc":{"Preis":"","Verf\u00fcgbarkeit":"Auf Lager"},"schema":{"@context":"https:\/\/schema.org","@graph":[{"@type":"WebPage","@id":"https:\/\/caballosllargues.es\/de\/producto\/antike-holzherzog\/","url":"https:\/\/caballosllargues.es\/de\/producto\/antike-holzherzog\/","name":"ANTIKE HOLZHERZOG - Caballos Llargu\u00e9s","isPartOf":{"@id":"https:\/\/caballosllargues.es\/de\/#website"},"primaryImageOfPage":{"@id":"https:\/\/caballosllargues.es\/de\/producto\/antike-holzherzog\/#primaryimage"},"image":{"@id":"https:\/\/caballosllargues.es\/de\/producto\/antike-holzherzog\/#primaryimage"},"thumbnailUrl":"https:\/\/caballosllargues.es\/wp-content\/uploads\/2020\/05\/IMG-20200528-WA0002.jpg","datePublished":"2020-05-28T15:38:16+00:00","dateModified":"2023-11-20T01:08:29+00:00","description":"Caballos Llargu\u00e9s pr\u00e4sentiert seinen ANTIKE HOLZHERZOG Kutschen, wir haben verschiedene Modelle und Kutschentypen. Frag uns!","breadcrumb":{"@id":"https:\/\/caballosllargues.es\/de\/producto\/antike-holzherzog\/#breadcrumb"},"inLanguage":"de","potentialAction":[{"@type":"ReadAction","target":["https:\/\/caballosllargues.es\/de\/producto\/antike-holzherzog\/"]}]},{"@type":"ImageObject","inLanguage":"de","@id":"https:\/\/caballosllargues.es\/de\/producto\/antike-holzherzog\/#primaryimage","url":"https:\/\/caballosllargues.es\/wp-content\/uploads\/2020\/05\/IMG-20200528-WA0002.jpg","contentUrl":"https:\/\/caballosllargues.es\/wp-content\/uploads\/2020\/05\/IMG-20200528-WA0002.jpg","width":1600,"height":1200},{"@type":"BreadcrumbList","@id":"https:\/\/caballosllargues.es\/de\/producto\/antike-holzherzog\/#breadcrumb","itemListElement":[{"@type":"ListItem","position":1,"name":"Home","item":"https:\/\/caballosllargues.es\/de\/"},{"@type":"ListItem","position":2,"name":"Produkte","item":"https:\/\/caballosllargues.es\/de\/shop\/"},{"@type":"ListItem","position":3,"name":"ANTIKE HOLZHERZOG"}]},{"@type":"WebSite","@id":"https:\/\/caballosllargues.es\/de\/#website","url":"https:\/\/caballosllargues.es\/de\/","name":"Caballos Llargu\u00e9s","description":"Compra - Venta de Caballos","publisher":{"@id":"https:\/\/caballosllargues.es\/de\/#organization"},"potentialAction":[{"@type":"SearchAction","target":{"@type":"EntryPoint","urlTemplate":"https:\/\/caballosllargues.es\/de\/?s={search_term_string}"},"query-input":{"@type":"PropertyValueSpecification","valueRequired":true,"valueName":"search_term_string"}}],"inLanguage":"de"},{"@type":"Organization","@id":"https:\/\/caballosllargues.es\/de\/#organization","name":"Caballos Llargu\u00e9s","url":"https:\/\/caballosllargues.es\/de\/","logo":{"@type":"ImageObject","inLanguage":"de","@id":"https:\/\/caballosllargues.es\/de\/#\/schema\/logo\/image\/","url":"https:\/\/caballosllargues.es\/wp-content\/uploads\/2022\/07\/Nuevo-Logo-Caballos-Llargues-1.png","contentUrl":"https:\/\/caballosllargues.es\/wp-content\/uploads\/2022\/07\/Nuevo-Logo-Caballos-Llargues-1.png","width":450,"height":367,"caption":"Caballos Llargu\u00e9s"},"image":{"@id":"https:\/\/caballosllargues.es\/de\/#\/schema\/logo\/image\/"},"sameAs":["https:\/\/www.facebook.com\/caballos.llargues\/?locale=es_ES","https:\/\/www.instagram.com\/caballosllargues\/?hl=es"]}]},"product_price_amount":"0.00","product_price_currency":"EUR","og_availability":"instock","product_availability":"instock","product_condition":"new"},"_links":{"self":[{"href":"https:\/\/caballosllargues.es\/de\/wp-json\/wp\/v2\/product\/11181","targetHints":{"allow":["GET"]}}],"collection":[{"href":"https:\/\/caballosllargues.es\/de\/wp-json\/wp\/v2\/product"}],"about":[{"href":"https:\/\/caballosllargues.es\/de\/wp-json\/wp\/v2\/types\/product"}],"replies":[{"embeddable":true,"href":"https:\/\/caballosllargues.es\/de\/wp-json\/wp\/v2\/comments?post=11181"}],"wp:featuredmedia":[{"embeddable":true,"href":"https:\/\/caballosllargues.es\/de\/wp-json\/wp\/v2\/media\/3342"}],"wp:attachment":[{"href":"https:\/\/caballosllargues.es\/de\/wp-json\/wp\/v2\/media?parent=11181"}],"wp:term":[{"taxonomy":"product_brand","embeddable":true,"href":"https:\/\/caballosllargues.es\/de\/wp-json\/wp\/v2\/product_brand?post=11181"},{"taxonomy":"product_cat","embeddable":true,"href":"https:\/\/caballosllargues.es\/de\/wp-json\/wp\/v2\/product_cat?post=11181"},{"taxonomy":"product_tag","embeddable":true,"href":"https:\/\/caballosllargues.es\/de\/wp-json\/wp\/v2\/product_tag?post=11181"}],"curies":[{"name":"wp","href":"https:\/\/api.w.org\/{rel}","templated":true}]}}