{"id":17422,"date":"2023-11-19T23:05:41","date_gmt":"2023-11-19T23:05:41","guid":{"rendered":"https:\/\/caballosllargues.es\/producto\/camaron-hjl\/"},"modified":"2023-11-19T23:05:41","modified_gmt":"2023-11-19T23:05:41","slug":"camaron-hjl","status":"publish","type":"product","link":"https:\/\/caballosllargues.es\/de\/producto\/camaron-hjl\/","title":{"rendered":"CAMARON HJL"},"content":{"rendered":"","protected":false},"excerpt":{"rendered":"","protected":false},"featured_media":16910,"comment_status":"closed","ping_status":"closed","template":"","meta":{"_jet_sm_ready_style":"","_jet_sm_style":"","_jet_sm_controls_values":"","_jet_sm_fonts_collection":"","_jet_sm_fonts_links":""},"product_brand":[],"product_cat":[459],"product_tag":[],"class_list":{"0":"post-17422","1":"product","2":"type-product","3":"status-publish","4":"has-post-thumbnail","6":"product_cat-pferde-fohlen","8":"first","9":"instock","10":"taxable","11":"shipping-taxable","12":"product-type-simple"},"yoast_head":"<!-- This site is optimized with the Yoast SEO Premium plugin v20.12 (Yoast SEO v24.7) - https:\/\/yoast.com\/wordpress\/plugins\/seo\/ -->\n<title>CAMARON HJL - Caballos Llargu\u00e9s<\/title>\n<meta name=\"description\" content=\"Caballos Llargu\u00e9s pr\u00e4sentiert CAMARON HJL als Ergebnis seines Engagements f\u00fcr die Zucht rein spanischer Pferde, Stuten, Fohlen, Gest\u00fcte,\" \/>\n<meta name=\"robots\" content=\"index, follow, max-snippet:-1, max-image-preview:large, max-video-preview:-1\" \/>\n<link rel=\"canonical\" href=\"https:\/\/caballosllargues.es\/de\/producto\/camaron-hjl\/\" \/>\n<meta property=\"og:locale\" content=\"de_DE\" \/>\n<meta property=\"og:type\" content=\"article\" \/>\n<meta property=\"og:title\" content=\"CAMARON HJL\" \/>\n<meta property=\"og:description\" content=\"Caballos Llargu\u00e9s pr\u00e4sentiert CAMARON HJL als Ergebnis seines Engagements f\u00fcr die Zucht rein spanischer Pferde, Stuten, Fohlen, Gest\u00fcte,\" \/>\n<meta property=\"og:url\" content=\"https:\/\/caballosllargues.es\/de\/producto\/camaron-hjl\/\" \/>\n<meta property=\"og:site_name\" content=\"Caballos Llargu\u00e9s\" \/>\n<meta property=\"article:publisher\" content=\"https:\/\/www.facebook.com\/caballos.llargues\/?locale=es_ES\" \/>\n<meta property=\"og:image\" content=\"https:\/\/caballosllargues.es\/wp-content\/uploads\/2023\/11\/CAMARON_HJL_-2.jpeg\" \/>\n\t<meta property=\"og:image:width\" content=\"1600\" \/>\n\t<meta property=\"og:image:height\" content=\"1097\" \/>\n\t<meta property=\"og:image:type\" content=\"image\/jpeg\" \/>\n<meta name=\"twitter:card\" content=\"summary_large_image\" \/>\n<meta name=\"twitter:label1\" content=\"Preis\" \/>\n\t<meta name=\"twitter:data1\" content=\"\" \/>\n\t<meta name=\"twitter:label2\" content=\"Verf\u00fcgbarkeit\" \/>\n\t<meta name=\"twitter:data2\" content=\"Auf Lager\" \/>\n<script type=\"application\/ld+json\" class=\"yoast-schema-graph\">{\"@context\":\"https:\/\/schema.org\",\"@graph\":[{\"@type\":\"WebPage\",\"@id\":\"https:\/\/caballosllargues.es\/de\/producto\/camaron-hjl\/\",\"url\":\"https:\/\/caballosllargues.es\/de\/producto\/camaron-hjl\/\",\"name\":\"CAMARON HJL - Caballos Llargu\u00e9s\",\"isPartOf\":{\"@id\":\"https:\/\/caballosllargues.es\/de\/#website\"},\"primaryImageOfPage\":{\"@id\":\"https:\/\/caballosllargues.es\/de\/producto\/camaron-hjl\/#primaryimage\"},\"image\":{\"@id\":\"https:\/\/caballosllargues.es\/de\/producto\/camaron-hjl\/#primaryimage\"},\"thumbnailUrl\":\"https:\/\/caballosllargues.es\/wp-content\/uploads\/2023\/11\/CAMARON_HJL_-2.jpeg\",\"datePublished\":\"2023-11-19T23:05:41+00:00\",\"description\":\"Caballos Llargu\u00e9s pr\u00e4sentiert CAMARON HJL als Ergebnis seines Engagements f\u00fcr die Zucht rein spanischer Pferde, Stuten, Fohlen, Gest\u00fcte,\",\"breadcrumb\":{\"@id\":\"https:\/\/caballosllargues.es\/de\/producto\/camaron-hjl\/#breadcrumb\"},\"inLanguage\":\"de\",\"potentialAction\":[{\"@type\":\"ReadAction\",\"target\":[\"https:\/\/caballosllargues.es\/de\/producto\/camaron-hjl\/\"]}]},{\"@type\":\"ImageObject\",\"inLanguage\":\"de\",\"@id\":\"https:\/\/caballosllargues.es\/de\/producto\/camaron-hjl\/#primaryimage\",\"url\":\"https:\/\/caballosllargues.es\/wp-content\/uploads\/2023\/11\/CAMARON_HJL_-2.jpeg\",\"contentUrl\":\"https:\/\/caballosllargues.es\/wp-content\/uploads\/2023\/11\/CAMARON_HJL_-2.jpeg\",\"width\":1600,\"height\":1097},{\"@type\":\"BreadcrumbList\",\"@id\":\"https:\/\/caballosllargues.es\/de\/producto\/camaron-hjl\/#breadcrumb\",\"itemListElement\":[{\"@type\":\"ListItem\",\"position\":1,\"name\":\"Home\",\"item\":\"https:\/\/caballosllargues.es\/de\/\"},{\"@type\":\"ListItem\",\"position\":2,\"name\":\"Produkte\",\"item\":\"https:\/\/caballosllargues.es\/de\/shop\/\"},{\"@type\":\"ListItem\",\"position\":3,\"name\":\"CAMARON HJL\"}]},{\"@type\":\"WebSite\",\"@id\":\"https:\/\/caballosllargues.es\/de\/#website\",\"url\":\"https:\/\/caballosllargues.es\/de\/\",\"name\":\"Caballos Llargu\u00e9s\",\"description\":\"Compra - Venta de Caballos\",\"publisher\":{\"@id\":\"https:\/\/caballosllargues.es\/de\/#organization\"},\"potentialAction\":[{\"@type\":\"SearchAction\",\"target\":{\"@type\":\"EntryPoint\",\"urlTemplate\":\"https:\/\/caballosllargues.es\/de\/?s={search_term_string}\"},\"query-input\":{\"@type\":\"PropertyValueSpecification\",\"valueRequired\":true,\"valueName\":\"search_term_string\"}}],\"inLanguage\":\"de\"},{\"@type\":\"Organization\",\"@id\":\"https:\/\/caballosllargues.es\/de\/#organization\",\"name\":\"Caballos Llargu\u00e9s\",\"url\":\"https:\/\/caballosllargues.es\/de\/\",\"logo\":{\"@type\":\"ImageObject\",\"inLanguage\":\"de\",\"@id\":\"https:\/\/caballosllargues.es\/de\/#\/schema\/logo\/image\/\",\"url\":\"https:\/\/caballosllargues.es\/wp-content\/uploads\/2022\/07\/Nuevo-Logo-Caballos-Llargues-1.png\",\"contentUrl\":\"https:\/\/caballosllargues.es\/wp-content\/uploads\/2022\/07\/Nuevo-Logo-Caballos-Llargues-1.png\",\"width\":450,\"height\":367,\"caption\":\"Caballos Llargu\u00e9s\"},\"image\":{\"@id\":\"https:\/\/caballosllargues.es\/de\/#\/schema\/logo\/image\/\"},\"sameAs\":[\"https:\/\/www.facebook.com\/caballos.llargues\/?locale=es_ES\",\"https:\/\/www.instagram.com\/caballosllargues\/?hl=es\"]}]}<\/script>\n<meta property=\"product:price:amount\" content=\"0.00\" \/>\n<meta property=\"product:price:currency\" content=\"EUR\" \/>\n<meta property=\"og:availability\" content=\"instock\" \/>\n<meta property=\"product:availability\" content=\"instock\" \/>\n<meta property=\"product:condition\" content=\"new\" \/>\n<!-- \/ Yoast SEO Premium plugin. -->","yoast_head_json":{"title":"CAMARON HJL - Caballos Llargu\u00e9s","description":"Caballos Llargu\u00e9s pr\u00e4sentiert CAMARON HJL als Ergebnis seines Engagements f\u00fcr die Zucht rein spanischer Pferde, Stuten, Fohlen, Gest\u00fcte,","robots":{"index":"index","follow":"follow","max-snippet":"max-snippet:-1","max-image-preview":"max-image-preview:large","max-video-preview":"max-video-preview:-1"},"canonical":"https:\/\/caballosllargues.es\/de\/producto\/camaron-hjl\/","og_locale":"de_DE","og_type":"article","og_title":"CAMARON HJL","og_description":"Caballos Llargu\u00e9s pr\u00e4sentiert CAMARON HJL als Ergebnis seines Engagements f\u00fcr die Zucht rein spanischer Pferde, Stuten, Fohlen, Gest\u00fcte,","og_url":"https:\/\/caballosllargues.es\/de\/producto\/camaron-hjl\/","og_site_name":"Caballos Llargu\u00e9s","article_publisher":"https:\/\/www.facebook.com\/caballos.llargues\/?locale=es_ES","og_image":[{"width":1600,"height":1097,"url":"https:\/\/caballosllargues.es\/wp-content\/uploads\/2023\/11\/CAMARON_HJL_-2.jpeg","type":"image\/jpeg"}],"twitter_card":"summary_large_image","twitter_misc":{"Preis":"","Verf\u00fcgbarkeit":"Auf Lager"},"schema":{"@context":"https:\/\/schema.org","@graph":[{"@type":"WebPage","@id":"https:\/\/caballosllargues.es\/de\/producto\/camaron-hjl\/","url":"https:\/\/caballosllargues.es\/de\/producto\/camaron-hjl\/","name":"CAMARON HJL - Caballos Llargu\u00e9s","isPartOf":{"@id":"https:\/\/caballosllargues.es\/de\/#website"},"primaryImageOfPage":{"@id":"https:\/\/caballosllargues.es\/de\/producto\/camaron-hjl\/#primaryimage"},"image":{"@id":"https:\/\/caballosllargues.es\/de\/producto\/camaron-hjl\/#primaryimage"},"thumbnailUrl":"https:\/\/caballosllargues.es\/wp-content\/uploads\/2023\/11\/CAMARON_HJL_-2.jpeg","datePublished":"2023-11-19T23:05:41+00:00","description":"Caballos Llargu\u00e9s pr\u00e4sentiert CAMARON HJL als Ergebnis seines Engagements f\u00fcr die Zucht rein spanischer Pferde, Stuten, Fohlen, Gest\u00fcte,","breadcrumb":{"@id":"https:\/\/caballosllargues.es\/de\/producto\/camaron-hjl\/#breadcrumb"},"inLanguage":"de","potentialAction":[{"@type":"ReadAction","target":["https:\/\/caballosllargues.es\/de\/producto\/camaron-hjl\/"]}]},{"@type":"ImageObject","inLanguage":"de","@id":"https:\/\/caballosllargues.es\/de\/producto\/camaron-hjl\/#primaryimage","url":"https:\/\/caballosllargues.es\/wp-content\/uploads\/2023\/11\/CAMARON_HJL_-2.jpeg","contentUrl":"https:\/\/caballosllargues.es\/wp-content\/uploads\/2023\/11\/CAMARON_HJL_-2.jpeg","width":1600,"height":1097},{"@type":"BreadcrumbList","@id":"https:\/\/caballosllargues.es\/de\/producto\/camaron-hjl\/#breadcrumb","itemListElement":[{"@type":"ListItem","position":1,"name":"Home","item":"https:\/\/caballosllargues.es\/de\/"},{"@type":"ListItem","position":2,"name":"Produkte","item":"https:\/\/caballosllargues.es\/de\/shop\/"},{"@type":"ListItem","position":3,"name":"CAMARON HJL"}]},{"@type":"WebSite","@id":"https:\/\/caballosllargues.es\/de\/#website","url":"https:\/\/caballosllargues.es\/de\/","name":"Caballos Llargu\u00e9s","description":"Compra - Venta de Caballos","publisher":{"@id":"https:\/\/caballosllargues.es\/de\/#organization"},"potentialAction":[{"@type":"SearchAction","target":{"@type":"EntryPoint","urlTemplate":"https:\/\/caballosllargues.es\/de\/?s={search_term_string}"},"query-input":{"@type":"PropertyValueSpecification","valueRequired":true,"valueName":"search_term_string"}}],"inLanguage":"de"},{"@type":"Organization","@id":"https:\/\/caballosllargues.es\/de\/#organization","name":"Caballos Llargu\u00e9s","url":"https:\/\/caballosllargues.es\/de\/","logo":{"@type":"ImageObject","inLanguage":"de","@id":"https:\/\/caballosllargues.es\/de\/#\/schema\/logo\/image\/","url":"https:\/\/caballosllargues.es\/wp-content\/uploads\/2022\/07\/Nuevo-Logo-Caballos-Llargues-1.png","contentUrl":"https:\/\/caballosllargues.es\/wp-content\/uploads\/2022\/07\/Nuevo-Logo-Caballos-Llargues-1.png","width":450,"height":367,"caption":"Caballos Llargu\u00e9s"},"image":{"@id":"https:\/\/caballosllargues.es\/de\/#\/schema\/logo\/image\/"},"sameAs":["https:\/\/www.facebook.com\/caballos.llargues\/?locale=es_ES","https:\/\/www.instagram.com\/caballosllargues\/?hl=es"]}]},"product_price_amount":"0.00","product_price_currency":"EUR","og_availability":"instock","product_availability":"instock","product_condition":"new"},"_links":{"self":[{"href":"https:\/\/caballosllargues.es\/de\/wp-json\/wp\/v2\/product\/17422","targetHints":{"allow":["GET"]}}],"collection":[{"href":"https:\/\/caballosllargues.es\/de\/wp-json\/wp\/v2\/product"}],"about":[{"href":"https:\/\/caballosllargues.es\/de\/wp-json\/wp\/v2\/types\/product"}],"replies":[{"embeddable":true,"href":"https:\/\/caballosllargues.es\/de\/wp-json\/wp\/v2\/comments?post=17422"}],"wp:featuredmedia":[{"embeddable":true,"href":"https:\/\/caballosllargues.es\/de\/wp-json\/wp\/v2\/media\/16910"}],"wp:attachment":[{"href":"https:\/\/caballosllargues.es\/de\/wp-json\/wp\/v2\/media?parent=17422"}],"wp:term":[{"taxonomy":"product_brand","embeddable":true,"href":"https:\/\/caballosllargues.es\/de\/wp-json\/wp\/v2\/product_brand?post=17422"},{"taxonomy":"product_cat","embeddable":true,"href":"https:\/\/caballosllargues.es\/de\/wp-json\/wp\/v2\/product_cat?post=17422"},{"taxonomy":"product_tag","embeddable":true,"href":"https:\/\/caballosllargues.es\/de\/wp-json\/wp\/v2\/product_tag?post=17422"}],"curies":[{"name":"wp","href":"https:\/\/api.w.org\/{rel}","templated":true}]}}