{"id":7688,"date":"2022-07-23T23:29:14","date_gmt":"2022-07-23T23:29:14","guid":{"rendered":"https:\/\/caballosllargues.es\/pagina-tab-yeguada-fr\/"},"modified":"2022-07-27T08:51:05","modified_gmt":"2022-07-27T08:51:05","slug":"pagina-tab-yeguada-fr","status":"publish","type":"page","link":"https:\/\/caballosllargues.es\/fr\/pagina-tab-yeguada-fr\/","title":{"rendered":"P\u00e1gina Tab Yeguada FR"},"content":{"rendered":"\t\t<div data-elementor-type=\"wp-page\" data-elementor-id=\"7688\" class=\"elementor elementor-7688 elementor-6804\" data-elementor-post-type=\"page\">\n\t\t\t\t\t\t<section class=\"elementor-section elementor-top-section elementor-element elementor-element-152c8fc3 elementor-section-boxed elementor-section-height-default elementor-section-height-default\" data-id=\"152c8fc3\" data-element_type=\"section\" data-settings=\"{&quot;background_background&quot;:&quot;classic&quot;}\">\n\t\t\t\t\t\t<div class=\"elementor-container elementor-column-gap-default\">\n\t\t\t\t\t<div class=\"elementor-column elementor-col-100 elementor-top-column elementor-element elementor-element-6ee018e9\" data-id=\"6ee018e9\" data-element_type=\"column\">\n\t\t\t<div class=\"elementor-widget-wrap elementor-element-populated\">\n\t\t\t\t\t\t<section class=\"elementor-section elementor-inner-section elementor-element elementor-element-3415243b elementor-section-boxed elementor-section-height-default elementor-section-height-default\" data-id=\"3415243b\" data-element_type=\"section\">\n\t\t\t\t\t\t<div class=\"elementor-container elementor-column-gap-default\">\n\t\t\t\t\t<div class=\"elementor-column elementor-col-100 elementor-inner-column elementor-element elementor-element-2a04e577\" data-id=\"2a04e577\" data-element_type=\"column\" data-settings=\"{&quot;background_background&quot;:&quot;classic&quot;}\">\n\t\t\t<div class=\"elementor-widget-wrap\">\n\t\t\t\t\t\t\t<\/div>\n\t\t<\/div>\n\t\t\t\t\t<\/div>\n\t\t<\/section>\n\t\t\t\t\t<\/div>\n\t\t<\/div>\n\t\t\t\t\t<\/div>\n\t\t<\/section>\n\t\t\t\t<section class=\"elementor-section elementor-inner-section elementor-element elementor-element-127d186a elementor-section-boxed elementor-section-height-default elementor-section-height-default\" data-id=\"127d186a\" data-element_type=\"section\">\n\t\t\t\t\t\t<div class=\"elementor-container elementor-column-gap-wider\">\n\t\t\t\t\t<div class=\"elementor-column elementor-col-100 elementor-inner-column elementor-element elementor-element-59e642af\" data-id=\"59e642af\" data-element_type=\"column\">\n\t\t\t<div class=\"elementor-widget-wrap elementor-element-populated\">\n\t\t\t\t\t\t<div class=\"elementor-element elementor-element-6b5fb106 elementor-widget elementor-widget-jet-listing-grid\" data-id=\"6b5fb106\" data-element_type=\"widget\" data-settings=\"{&quot;columns&quot;:&quot;4&quot;}\" data-widget_type=\"jet-listing-grid.default\">\n\t\t\t\t<div class=\"elementor-widget-container\">\n\t\t\t\t\t<div class=\"jet-listing-notice\">Please select listing to show.<\/div>\t\t\t\t<\/div>\n\t\t\t\t<\/div>\n\t\t\t\t\t<\/div>\n\t\t<\/div>\n\t\t\t\t\t<\/div>\n\t\t<\/section>\n\t\t\t\t<section class=\"elementor-section elementor-inner-section elementor-element elementor-element-47188f00 elementor-hidden-desktop elementor-hidden-tablet elementor-hidden-mobile elementor-section-boxed elementor-section-height-default elementor-section-height-default\" data-id=\"47188f00\" data-element_type=\"section\">\n\t\t\t\t\t\t<div class=\"elementor-container elementor-column-gap-wider\">\n\t\t\t\t\t<div class=\"elementor-column elementor-col-100 elementor-inner-column elementor-element elementor-element-7ea81f29\" data-id=\"7ea81f29\" data-element_type=\"column\">\n\t\t\t<div class=\"elementor-widget-wrap elementor-element-populated\">\n\t\t\t\t\t\t<div class=\"elementor-element elementor-element-5002c6f6 elementor-product-loop-item--align-center elementor-grid-4 elementor-grid-tablet-3 elementor-grid-mobile-2 elementor-products-grid elementor-wc-products elementor-widget elementor-widget-global elementor-global-5868 elementor-widget-wc-categories\" data-id=\"5002c6f6\" data-element_type=\"widget\" data-widget_type=\"wc-categories.default\">\n\t\t\t\t<div class=\"elementor-widget-container\">\n\t\t\t\t\t<div class=\"woocommerce columns-4\"><ul class=\"products elementor-grid columns-4\">\n<li class=\"product-category product first\">\n\t<a aria-label=\"Acc\u00e9der \u00e0 la cat\u00e9gorie de produits POULICHES DE 1 AN\" href=\"https:\/\/caballosllargues.es\/fr\/product-category\/pouliches-de-1-an\/\"><img fetchpriority=\"high\" decoding=\"async\" src=\"https:\/\/caballosllargues.es\/wp-content\/uploads\/woocommerce-placeholder-300x300.png\" alt=\"POULICHES DE 1 AN\" width=\"300\" height=\"300\" \/>\t\t<h2 class=\"woocommerce-loop-category__title\">\n\t\t\tPOULICHES DE 1 AN\t\t<\/h2>\n\t\t<\/a><\/li>\n<\/ul>\n<\/div>\t\t\t\t<\/div>\n\t\t\t\t<\/div>\n\t\t\t\t\t<\/div>\n\t\t<\/div>\n\t\t\t\t\t<\/div>\n\t\t<\/section>\n\t\t\t\t<\/div>\n\t\t","protected":false},"excerpt":{"rendered":"<p>POTROS PLL 1 A\u00d1O POTROS PLL 2 A\u00d1OS POTROS PLL 3 A\u00d1OS POTRAS PLL 1 A\u00d1O POTRAS PLL 2 A\u00d1OS POTRAS PLL 3 A\u00d1OS<\/p>\n","protected":false},"author":5,"featured_media":0,"parent":0,"menu_order":0,"comment_status":"closed","ping_status":"closed","template":"elementor_canvas","meta":{"_jet_sm_ready_style":"","_jet_sm_style":"","_jet_sm_controls_values":"","_jet_sm_fonts_collection":"","_jet_sm_fonts_links":"","footnotes":""},"class_list":["post-7688","page","type-page","status-publish","hentry"],"yoast_head":"<!-- This site is optimized with the Yoast SEO Premium plugin v20.12 (Yoast SEO v24.7) - https:\/\/yoast.com\/wordpress\/plugins\/seo\/ -->\n<title>P\u00e1gina Tab Yeguada FR - Caballos Llargu\u00e9s<\/title>\n<meta name=\"robots\" content=\"index, follow, max-snippet:-1, max-image-preview:large, max-video-preview:-1\" \/>\n<link rel=\"canonical\" href=\"https:\/\/caballosllargues.es\/fr\/pagina-tab-yeguada-fr\/\" \/>\n<meta property=\"og:locale\" content=\"fr_FR\" \/>\n<meta property=\"og:type\" content=\"article\" \/>\n<meta property=\"og:title\" content=\"P\u00e1gina Tab Yeguada FR\" \/>\n<meta property=\"og:description\" content=\"POTROS PLL 1 A\u00d1O POTROS PLL 2 A\u00d1OS POTROS PLL 3 A\u00d1OS POTRAS PLL 1 A\u00d1O POTRAS PLL 2 A\u00d1OS POTRAS PLL 3 A\u00d1OS\" \/>\n<meta property=\"og:url\" content=\"https:\/\/caballosllargues.es\/fr\/pagina-tab-yeguada-fr\/\" \/>\n<meta property=\"og:site_name\" content=\"Caballos Llargu\u00e9s\" \/>\n<meta property=\"article:publisher\" content=\"https:\/\/www.facebook.com\/caballos.llargues\/?locale=es_ES\" \/>\n<meta property=\"article:modified_time\" content=\"2022-07-27T08:51:05+00:00\" \/>\n<meta name=\"twitter:card\" content=\"summary_large_image\" \/>\n<script type=\"application\/ld+json\" class=\"yoast-schema-graph\">{\"@context\":\"https:\/\/schema.org\",\"@graph\":[{\"@type\":\"WebPage\",\"@id\":\"https:\/\/caballosllargues.es\/fr\/pagina-tab-yeguada-fr\/\",\"url\":\"https:\/\/caballosllargues.es\/fr\/pagina-tab-yeguada-fr\/\",\"name\":\"P\u00e1gina Tab Yeguada FR - Caballos Llargu\u00e9s\",\"isPartOf\":{\"@id\":\"https:\/\/caballosllargues.es\/fr\/#website\"},\"datePublished\":\"2022-07-23T23:29:14+00:00\",\"dateModified\":\"2022-07-27T08:51:05+00:00\",\"breadcrumb\":{\"@id\":\"https:\/\/caballosllargues.es\/fr\/pagina-tab-yeguada-fr\/#breadcrumb\"},\"inLanguage\":\"fr-FR\",\"potentialAction\":[{\"@type\":\"ReadAction\",\"target\":[\"https:\/\/caballosllargues.es\/fr\/pagina-tab-yeguada-fr\/\"]}]},{\"@type\":\"BreadcrumbList\",\"@id\":\"https:\/\/caballosllargues.es\/fr\/pagina-tab-yeguada-fr\/#breadcrumb\",\"itemListElement\":[{\"@type\":\"ListItem\",\"position\":1,\"name\":\"Home\",\"item\":\"https:\/\/caballosllargues.es\/fr\/\"},{\"@type\":\"ListItem\",\"position\":2,\"name\":\"P\u00e1gina Tab Yeguada FR\"}]},{\"@type\":\"WebSite\",\"@id\":\"https:\/\/caballosllargues.es\/fr\/#website\",\"url\":\"https:\/\/caballosllargues.es\/fr\/\",\"name\":\"Caballos Llargu\u00e9s\",\"description\":\"Compra - Venta de Caballos\",\"publisher\":{\"@id\":\"https:\/\/caballosllargues.es\/fr\/#organization\"},\"potentialAction\":[{\"@type\":\"SearchAction\",\"target\":{\"@type\":\"EntryPoint\",\"urlTemplate\":\"https:\/\/caballosllargues.es\/fr\/?s={search_term_string}\"},\"query-input\":{\"@type\":\"PropertyValueSpecification\",\"valueRequired\":true,\"valueName\":\"search_term_string\"}}],\"inLanguage\":\"fr-FR\"},{\"@type\":\"Organization\",\"@id\":\"https:\/\/caballosllargues.es\/fr\/#organization\",\"name\":\"Caballos Llargu\u00e9s\",\"url\":\"https:\/\/caballosllargues.es\/fr\/\",\"logo\":{\"@type\":\"ImageObject\",\"inLanguage\":\"fr-FR\",\"@id\":\"https:\/\/caballosllargues.es\/fr\/#\/schema\/logo\/image\/\",\"url\":\"https:\/\/caballosllargues.es\/wp-content\/uploads\/2022\/07\/Nuevo-Logo-Caballos-Llargues-1.png\",\"contentUrl\":\"https:\/\/caballosllargues.es\/wp-content\/uploads\/2022\/07\/Nuevo-Logo-Caballos-Llargues-1.png\",\"width\":450,\"height\":367,\"caption\":\"Caballos Llargu\u00e9s\"},\"image\":{\"@id\":\"https:\/\/caballosllargues.es\/fr\/#\/schema\/logo\/image\/\"},\"sameAs\":[\"https:\/\/www.facebook.com\/caballos.llargues\/?locale=es_ES\",\"https:\/\/www.instagram.com\/caballosllargues\/?hl=es\"]}]}<\/script>\n<!-- \/ Yoast SEO Premium plugin. -->","yoast_head_json":{"title":"P\u00e1gina Tab Yeguada FR - Caballos Llargu\u00e9s","robots":{"index":"index","follow":"follow","max-snippet":"max-snippet:-1","max-image-preview":"max-image-preview:large","max-video-preview":"max-video-preview:-1"},"canonical":"https:\/\/caballosllargues.es\/fr\/pagina-tab-yeguada-fr\/","og_locale":"fr_FR","og_type":"article","og_title":"P\u00e1gina Tab Yeguada FR","og_description":"POTROS PLL 1 A\u00d1O POTROS PLL 2 A\u00d1OS POTROS PLL 3 A\u00d1OS POTRAS PLL 1 A\u00d1O POTRAS PLL 2 A\u00d1OS POTRAS PLL 3 A\u00d1OS","og_url":"https:\/\/caballosllargues.es\/fr\/pagina-tab-yeguada-fr\/","og_site_name":"Caballos Llargu\u00e9s","article_publisher":"https:\/\/www.facebook.com\/caballos.llargues\/?locale=es_ES","article_modified_time":"2022-07-27T08:51:05+00:00","twitter_card":"summary_large_image","schema":{"@context":"https:\/\/schema.org","@graph":[{"@type":"WebPage","@id":"https:\/\/caballosllargues.es\/fr\/pagina-tab-yeguada-fr\/","url":"https:\/\/caballosllargues.es\/fr\/pagina-tab-yeguada-fr\/","name":"P\u00e1gina Tab Yeguada FR - Caballos Llargu\u00e9s","isPartOf":{"@id":"https:\/\/caballosllargues.es\/fr\/#website"},"datePublished":"2022-07-23T23:29:14+00:00","dateModified":"2022-07-27T08:51:05+00:00","breadcrumb":{"@id":"https:\/\/caballosllargues.es\/fr\/pagina-tab-yeguada-fr\/#breadcrumb"},"inLanguage":"fr-FR","potentialAction":[{"@type":"ReadAction","target":["https:\/\/caballosllargues.es\/fr\/pagina-tab-yeguada-fr\/"]}]},{"@type":"BreadcrumbList","@id":"https:\/\/caballosllargues.es\/fr\/pagina-tab-yeguada-fr\/#breadcrumb","itemListElement":[{"@type":"ListItem","position":1,"name":"Home","item":"https:\/\/caballosllargues.es\/fr\/"},{"@type":"ListItem","position":2,"name":"P\u00e1gina Tab Yeguada FR"}]},{"@type":"WebSite","@id":"https:\/\/caballosllargues.es\/fr\/#website","url":"https:\/\/caballosllargues.es\/fr\/","name":"Caballos Llargu\u00e9s","description":"Compra - Venta de Caballos","publisher":{"@id":"https:\/\/caballosllargues.es\/fr\/#organization"},"potentialAction":[{"@type":"SearchAction","target":{"@type":"EntryPoint","urlTemplate":"https:\/\/caballosllargues.es\/fr\/?s={search_term_string}"},"query-input":{"@type":"PropertyValueSpecification","valueRequired":true,"valueName":"search_term_string"}}],"inLanguage":"fr-FR"},{"@type":"Organization","@id":"https:\/\/caballosllargues.es\/fr\/#organization","name":"Caballos Llargu\u00e9s","url":"https:\/\/caballosllargues.es\/fr\/","logo":{"@type":"ImageObject","inLanguage":"fr-FR","@id":"https:\/\/caballosllargues.es\/fr\/#\/schema\/logo\/image\/","url":"https:\/\/caballosllargues.es\/wp-content\/uploads\/2022\/07\/Nuevo-Logo-Caballos-Llargues-1.png","contentUrl":"https:\/\/caballosllargues.es\/wp-content\/uploads\/2022\/07\/Nuevo-Logo-Caballos-Llargues-1.png","width":450,"height":367,"caption":"Caballos Llargu\u00e9s"},"image":{"@id":"https:\/\/caballosllargues.es\/fr\/#\/schema\/logo\/image\/"},"sameAs":["https:\/\/www.facebook.com\/caballos.llargues\/?locale=es_ES","https:\/\/www.instagram.com\/caballosllargues\/?hl=es"]}]}},"_links":{"self":[{"href":"https:\/\/caballosllargues.es\/fr\/wp-json\/wp\/v2\/pages\/7688","targetHints":{"allow":["GET"]}}],"collection":[{"href":"https:\/\/caballosllargues.es\/fr\/wp-json\/wp\/v2\/pages"}],"about":[{"href":"https:\/\/caballosllargues.es\/fr\/wp-json\/wp\/v2\/types\/page"}],"author":[{"embeddable":true,"href":"https:\/\/caballosllargues.es\/fr\/wp-json\/wp\/v2\/users\/5"}],"replies":[{"embeddable":true,"href":"https:\/\/caballosllargues.es\/fr\/wp-json\/wp\/v2\/comments?post=7688"}],"version-history":[{"count":0,"href":"https:\/\/caballosllargues.es\/fr\/wp-json\/wp\/v2\/pages\/7688\/revisions"}],"wp:attachment":[{"href":"https:\/\/caballosllargues.es\/fr\/wp-json\/wp\/v2\/media?parent=7688"}],"curies":[{"name":"wp","href":"https:\/\/api.w.org\/{rel}","templated":true}]}}