{"id":11180,"date":"2020-05-28T15:38:16","date_gmt":"2020-05-28T15:38:16","guid":{"rendered":"https:\/\/caballosllargues.es\/producto\/duc-en-bois-antique\/"},"modified":"2023-09-20T23:28:51","modified_gmt":"2023-09-20T23:28:51","slug":"duc-en-bois-antique","status":"publish","type":"product","link":"https:\/\/caballosllargues.es\/fr\/producto\/duc-en-bois-antique\/","title":{"rendered":"DUC EN BOIS ANTIQUE"},"content":{"rendered":"<p>[et_pb_section fb_built=\u00a0\u00bb1&Prime; _builder_version=\u00a0\u00bb3.22&Prime; custom_padding=\u00a0\u00bb0px||||false|false\u00a0\u00bb global_colors_info=\u00a0\u00bb{}\u00a0\u00bb][et_pb_row _builder_version=\u00a0\u00bb3.25&Prime; background_size=\u00a0\u00bbinitial\u00a0\u00bb background_position=\u00a0\u00bbtop_left\u00a0\u00bb background_repeat=\u00a0\u00bbrepeat\u00a0\u00bb width=\u00a0\u00bb100%\u00a0\u00bb custom_padding=\u00a0\u00bb0px||0px||false|false\u00a0\u00bb global_colors_info=\u00a0\u00bb{}\u00a0\u00bb][et_pb_column type=\u00a0\u00bb4_4&Prime; _builder_version=\u00a0\u00bb3.25&Prime; custom_padding=\u00a0\u00bb|||\u00a0\u00bb global_colors_info=\u00a0\u00bb{}\u00a0\u00bb custom_padding__hover=\u00a0\u00bb|||\u00a0\u00bb][et_pb_wc_breadcrumb _builder_version=\u00a0\u00bb3.0.47&Prime; global_colors_info=\u00a0\u00bb{}\u00a0\u00bb][\/et_pb_wc_breadcrumb][et_pb_wc_cart_notice _builder_version=\u00a0\u00bb3.0.47&Prime; global_colors_info=\u00a0\u00bb{}\u00a0\u00bb][\/et_pb_wc_cart_notice][\/et_pb_column][\/et_pb_row][et_pb_row column_structure=\u00a0\u00bb1_2,1_2&Prime; _builder_version=\u00a0\u00bb3.25&Prime; background_size=\u00a0\u00bbinitial\u00a0\u00bb background_position=\u00a0\u00bbtop_left\u00a0\u00bb background_repeat=\u00a0\u00bbrepeat\u00a0\u00bb width=\u00a0\u00bb100%\u00a0\u00bb custom_padding=\u00a0\u00bb0px||||false|false\u00a0\u00bb global_colors_info=\u00a0\u00bb{}\u00a0\u00bb][et_pb_column type=\u00a0\u00bb1_2&Prime; _builder_version=\u00a0\u00bb3.25&Prime; custom_padding=\u00a0\u00bb|||\u00a0\u00bb global_colors_info=\u00a0\u00bb{}\u00a0\u00bb custom_padding__hover=\u00a0\u00bb|||\u00a0\u00bb][et_pb_wc_images _builder_version=\u00a0\u00bb3.0.47&Prime; global_colors_info=\u00a0\u00bb{}\u00a0\u00bb][\/et_pb_wc_images][\/et_pb_column][et_pb_column type=\u00a0\u00bb1_2&Prime; _builder_version=\u00a0\u00bb3.25&Prime; custom_padding=\u00a0\u00bb|||\u00a0\u00bb global_colors_info=\u00a0\u00bb{}\u00a0\u00bb custom_padding__hover=\u00a0\u00bb|||\u00a0\u00bb][et_pb_wc_title _builder_version=\u00a0\u00bb3.0.47&Prime; global_colors_info=\u00a0\u00bb{}\u00a0\u00bb][\/et_pb_wc_title][et_pb_wc_rating _builder_version=\u00a0\u00bb3.0.47&Prime; global_colors_info=\u00a0\u00bb{}\u00a0\u00bb][\/et_pb_wc_rating][et_pb_wc_price _builder_version=\u00a0\u00bb3.0.47&Prime; global_colors_info=\u00a0\u00bb{}\u00a0\u00bb][\/et_pb_wc_price][et_pb_wc_description _builder_version=\u00a0\u00bb3.0.47&Prime; global_colors_info=\u00a0\u00bb{}\u00a0\u00bb][\/et_pb_wc_description][et_pb_wc_add_to_cart _builder_version=\u00a0\u00bb3.0.47&Prime; global_colors_info=\u00a0\u00bb{}\u00a0\u00bb][\/et_pb_wc_add_to_cart][et_pb_wc_meta _builder_version=\u00a0\u00bb3.0.47&Prime; global_colors_info=\u00a0\u00bb{}\u00a0\u00bb][\/et_pb_wc_meta][\/et_pb_column][\/et_pb_row][et_pb_row _builder_version=\u00a0\u00bb3.25&Prime; background_size=\u00a0\u00bbinitial\u00a0\u00bb background_position=\u00a0\u00bbtop_left\u00a0\u00bb background_repeat=\u00a0\u00bbrepeat\u00a0\u00bb width=\u00a0\u00bb100%\u00a0\u00bb global_colors_info=\u00a0\u00bb{}\u00a0\u00bb][et_pb_column type=\u00a0\u00bb4_4&Prime; _builder_version=\u00a0\u00bb3.25&Prime; custom_padding=\u00a0\u00bb|||\u00a0\u00bb global_colors_info=\u00a0\u00bb{}\u00a0\u00bb custom_padding__hover=\u00a0\u00bb|||\u00a0\u00bb][et_pb_wc_tabs _builder_version=\u00a0\u00bb3.0.47&Prime; global_colors_info=\u00a0\u00bb{}\u00a0\u00bb]\t\t\t\t\t[\/et_pb_wc_tabs][et_pb_wc_upsells _builder_version=\u00a0\u00bb3.0.47&Prime; global_colors_info=\u00a0\u00bb{}\u00a0\u00bb][\/et_pb_wc_upsells][et_pb_wc_related_products _builder_version=\u00a0\u00bb3.0.47&Prime; global_colors_info=\u00a0\u00bb{}\u00a0\u00bb][\/et_pb_wc_related_products][\/et_pb_column][\/et_pb_row][\/et_pb_section]<\/p>\n","protected":false},"excerpt":{"rendered":"<p>DUC EN BOIS ANTIQUE<br \/>\nRESTAURER<br \/>\nAVEC SIGNATURE DU FABRICANT<\/p>\n","protected":false},"featured_media":3341,"comment_status":"open","ping_status":"closed","template":"","meta":{"_jet_sm_ready_style":"","_jet_sm_style":"","_jet_sm_controls_values":"","_jet_sm_fonts_collection":"","_jet_sm_fonts_links":""},"product_brand":[],"product_cat":[414],"product_tag":[468],"class_list":{"0":"post-11180","1":"product","2":"type-product","3":"status-publish","4":"has-post-thumbnail","6":"product_cat-chariots","7":"product_tag-con-imagen","9":"first","10":"instock","11":"taxable","12":"shipping-taxable","13":"product-type-simple"},"yoast_head":"<!-- This site is optimized with the Yoast SEO Premium plugin v20.12 (Yoast SEO v24.7) - https:\/\/yoast.com\/wordpress\/plugins\/seo\/ -->\n<title>DUC EN BOIS ANTIQUE - Caballos Llargu\u00e9s<\/title>\n<meta name=\"description\" content=\"Caballos Llargu\u00e9s presenta a DUC EN BOIS ANTIQUE como resultado a la dedicaci\u00f3n a la cr\u00eda de la raza pura espa\u00f1ola de caballos, yeguas, potros y la venta carruajes.\" \/>\n<meta name=\"robots\" content=\"index, follow, max-snippet:-1, max-image-preview:large, max-video-preview:-1\" \/>\n<link rel=\"canonical\" href=\"https:\/\/caballosllargues.es\/fr\/producto\/duc-en-bois-antique\/\" \/>\n<meta property=\"og:locale\" content=\"fr_FR\" \/>\n<meta property=\"og:type\" content=\"article\" \/>\n<meta property=\"og:title\" content=\"DUC EN BOIS ANTIQUE\" \/>\n<meta property=\"og:description\" content=\"Caballos Llargu\u00e9s presenta a DUC EN BOIS ANTIQUE como resultado a la dedicaci\u00f3n a la cr\u00eda de la raza pura espa\u00f1ola de caballos, yeguas, potros y la venta carruajes.\" \/>\n<meta property=\"og:url\" content=\"https:\/\/caballosllargues.es\/fr\/producto\/duc-en-bois-antique\/\" \/>\n<meta property=\"og:site_name\" content=\"Caballos Llargu\u00e9s\" \/>\n<meta property=\"article:publisher\" content=\"https:\/\/www.facebook.com\/caballos.llargues\/?locale=es_ES\" \/>\n<meta property=\"article:modified_time\" content=\"2023-09-20T23:28:51+00:00\" \/>\n<meta property=\"og:image\" content=\"https:\/\/caballosllargues.es\/wp-content\/uploads\/2020\/05\/IMG-20200528-WA0002.jpg\" \/>\n\t<meta property=\"og:image:width\" content=\"1600\" \/>\n\t<meta property=\"og:image:height\" content=\"1200\" \/>\n\t<meta property=\"og:image:type\" content=\"image\/jpeg\" \/>\n<meta name=\"twitter:card\" content=\"summary_large_image\" \/>\n<meta name=\"twitter:label1\" content=\"Prix\" \/>\n\t<meta name=\"twitter:data1\" content=\"\" \/>\n\t<meta name=\"twitter:label2\" content=\"Disponibilit\u00e9\" \/>\n\t<meta name=\"twitter:data2\" content=\"En stock\" \/>\n<script type=\"application\/ld+json\" class=\"yoast-schema-graph\">{\"@context\":\"https:\/\/schema.org\",\"@graph\":[{\"@type\":\"WebPage\",\"@id\":\"https:\/\/caballosllargues.es\/fr\/producto\/duc-en-bois-antique\/\",\"url\":\"https:\/\/caballosllargues.es\/fr\/producto\/duc-en-bois-antique\/\",\"name\":\"DUC EN BOIS ANTIQUE - Caballos Llargu\u00e9s\",\"isPartOf\":{\"@id\":\"https:\/\/caballosllargues.es\/fr\/#website\"},\"primaryImageOfPage\":{\"@id\":\"https:\/\/caballosllargues.es\/fr\/producto\/duc-en-bois-antique\/#primaryimage\"},\"image\":{\"@id\":\"https:\/\/caballosllargues.es\/fr\/producto\/duc-en-bois-antique\/#primaryimage\"},\"thumbnailUrl\":\"https:\/\/caballosllargues.es\/wp-content\/uploads\/2020\/05\/IMG-20200528-WA0002.jpg\",\"datePublished\":\"2020-05-28T15:38:16+00:00\",\"dateModified\":\"2023-09-20T23:28:51+00:00\",\"description\":\"Caballos Llargu\u00e9s presenta a DUC EN BOIS ANTIQUE como resultado a la dedicaci\u00f3n a la cr\u00eda de la raza pura espa\u00f1ola de caballos, yeguas, potros y la venta carruajes.\",\"breadcrumb\":{\"@id\":\"https:\/\/caballosllargues.es\/fr\/producto\/duc-en-bois-antique\/#breadcrumb\"},\"inLanguage\":\"fr-FR\",\"potentialAction\":[{\"@type\":\"ReadAction\",\"target\":[\"https:\/\/caballosllargues.es\/fr\/producto\/duc-en-bois-antique\/\"]}]},{\"@type\":\"ImageObject\",\"inLanguage\":\"fr-FR\",\"@id\":\"https:\/\/caballosllargues.es\/fr\/producto\/duc-en-bois-antique\/#primaryimage\",\"url\":\"https:\/\/caballosllargues.es\/wp-content\/uploads\/2020\/05\/IMG-20200528-WA0002.jpg\",\"contentUrl\":\"https:\/\/caballosllargues.es\/wp-content\/uploads\/2020\/05\/IMG-20200528-WA0002.jpg\",\"width\":1600,\"height\":1200},{\"@type\":\"BreadcrumbList\",\"@id\":\"https:\/\/caballosllargues.es\/fr\/producto\/duc-en-bois-antique\/#breadcrumb\",\"itemListElement\":[{\"@type\":\"ListItem\",\"position\":1,\"name\":\"Home\",\"item\":\"https:\/\/caballosllargues.es\/fr\/\"},{\"@type\":\"ListItem\",\"position\":2,\"name\":\"Produits\",\"item\":\"https:\/\/caballosllargues.es\/fr\/shop\/\"},{\"@type\":\"ListItem\",\"position\":3,\"name\":\"DUC EN BOIS ANTIQUE\"}]},{\"@type\":\"WebSite\",\"@id\":\"https:\/\/caballosllargues.es\/fr\/#website\",\"url\":\"https:\/\/caballosllargues.es\/fr\/\",\"name\":\"Caballos Llargu\u00e9s\",\"description\":\"Compra - Venta de Caballos\",\"publisher\":{\"@id\":\"https:\/\/caballosllargues.es\/fr\/#organization\"},\"potentialAction\":[{\"@type\":\"SearchAction\",\"target\":{\"@type\":\"EntryPoint\",\"urlTemplate\":\"https:\/\/caballosllargues.es\/fr\/?s={search_term_string}\"},\"query-input\":{\"@type\":\"PropertyValueSpecification\",\"valueRequired\":true,\"valueName\":\"search_term_string\"}}],\"inLanguage\":\"fr-FR\"},{\"@type\":\"Organization\",\"@id\":\"https:\/\/caballosllargues.es\/fr\/#organization\",\"name\":\"Caballos Llargu\u00e9s\",\"url\":\"https:\/\/caballosllargues.es\/fr\/\",\"logo\":{\"@type\":\"ImageObject\",\"inLanguage\":\"fr-FR\",\"@id\":\"https:\/\/caballosllargues.es\/fr\/#\/schema\/logo\/image\/\",\"url\":\"https:\/\/caballosllargues.es\/wp-content\/uploads\/2022\/07\/Nuevo-Logo-Caballos-Llargues-1.png\",\"contentUrl\":\"https:\/\/caballosllargues.es\/wp-content\/uploads\/2022\/07\/Nuevo-Logo-Caballos-Llargues-1.png\",\"width\":450,\"height\":367,\"caption\":\"Caballos Llargu\u00e9s\"},\"image\":{\"@id\":\"https:\/\/caballosllargues.es\/fr\/#\/schema\/logo\/image\/\"},\"sameAs\":[\"https:\/\/www.facebook.com\/caballos.llargues\/?locale=es_ES\",\"https:\/\/www.instagram.com\/caballosllargues\/?hl=es\"]}]}<\/script>\n<meta property=\"product:price:amount\" content=\"0.00\" \/>\n<meta property=\"product:price:currency\" content=\"EUR\" \/>\n<meta property=\"og:availability\" content=\"instock\" \/>\n<meta property=\"product:availability\" content=\"instock\" \/>\n<meta property=\"product:condition\" content=\"new\" \/>\n<!-- \/ Yoast SEO Premium plugin. -->","yoast_head_json":{"title":"DUC EN BOIS ANTIQUE - Caballos Llargu\u00e9s","description":"Caballos Llargu\u00e9s presenta a DUC EN BOIS ANTIQUE como resultado a la dedicaci\u00f3n a la cr\u00eda de la raza pura espa\u00f1ola de caballos, yeguas, potros y la venta carruajes.","robots":{"index":"index","follow":"follow","max-snippet":"max-snippet:-1","max-image-preview":"max-image-preview:large","max-video-preview":"max-video-preview:-1"},"canonical":"https:\/\/caballosllargues.es\/fr\/producto\/duc-en-bois-antique\/","og_locale":"fr_FR","og_type":"article","og_title":"DUC EN BOIS ANTIQUE","og_description":"Caballos Llargu\u00e9s presenta a DUC EN BOIS ANTIQUE como resultado a la dedicaci\u00f3n a la cr\u00eda de la raza pura espa\u00f1ola de caballos, yeguas, potros y la venta carruajes.","og_url":"https:\/\/caballosllargues.es\/fr\/producto\/duc-en-bois-antique\/","og_site_name":"Caballos Llargu\u00e9s","article_publisher":"https:\/\/www.facebook.com\/caballos.llargues\/?locale=es_ES","article_modified_time":"2023-09-20T23:28:51+00:00","og_image":[{"width":1600,"height":1200,"url":"https:\/\/caballosllargues.es\/wp-content\/uploads\/2020\/05\/IMG-20200528-WA0002.jpg","type":"image\/jpeg"}],"twitter_card":"summary_large_image","twitter_misc":{"Prix":"","Disponibilit\u00e9":"En stock"},"schema":{"@context":"https:\/\/schema.org","@graph":[{"@type":"WebPage","@id":"https:\/\/caballosllargues.es\/fr\/producto\/duc-en-bois-antique\/","url":"https:\/\/caballosllargues.es\/fr\/producto\/duc-en-bois-antique\/","name":"DUC EN BOIS ANTIQUE - Caballos Llargu\u00e9s","isPartOf":{"@id":"https:\/\/caballosllargues.es\/fr\/#website"},"primaryImageOfPage":{"@id":"https:\/\/caballosllargues.es\/fr\/producto\/duc-en-bois-antique\/#primaryimage"},"image":{"@id":"https:\/\/caballosllargues.es\/fr\/producto\/duc-en-bois-antique\/#primaryimage"},"thumbnailUrl":"https:\/\/caballosllargues.es\/wp-content\/uploads\/2020\/05\/IMG-20200528-WA0002.jpg","datePublished":"2020-05-28T15:38:16+00:00","dateModified":"2023-09-20T23:28:51+00:00","description":"Caballos Llargu\u00e9s presenta a DUC EN BOIS ANTIQUE como resultado a la dedicaci\u00f3n a la cr\u00eda de la raza pura espa\u00f1ola de caballos, yeguas, potros y la venta carruajes.","breadcrumb":{"@id":"https:\/\/caballosllargues.es\/fr\/producto\/duc-en-bois-antique\/#breadcrumb"},"inLanguage":"fr-FR","potentialAction":[{"@type":"ReadAction","target":["https:\/\/caballosllargues.es\/fr\/producto\/duc-en-bois-antique\/"]}]},{"@type":"ImageObject","inLanguage":"fr-FR","@id":"https:\/\/caballosllargues.es\/fr\/producto\/duc-en-bois-antique\/#primaryimage","url":"https:\/\/caballosllargues.es\/wp-content\/uploads\/2020\/05\/IMG-20200528-WA0002.jpg","contentUrl":"https:\/\/caballosllargues.es\/wp-content\/uploads\/2020\/05\/IMG-20200528-WA0002.jpg","width":1600,"height":1200},{"@type":"BreadcrumbList","@id":"https:\/\/caballosllargues.es\/fr\/producto\/duc-en-bois-antique\/#breadcrumb","itemListElement":[{"@type":"ListItem","position":1,"name":"Home","item":"https:\/\/caballosllargues.es\/fr\/"},{"@type":"ListItem","position":2,"name":"Produits","item":"https:\/\/caballosllargues.es\/fr\/shop\/"},{"@type":"ListItem","position":3,"name":"DUC EN BOIS ANTIQUE"}]},{"@type":"WebSite","@id":"https:\/\/caballosllargues.es\/fr\/#website","url":"https:\/\/caballosllargues.es\/fr\/","name":"Caballos Llargu\u00e9s","description":"Compra - Venta de Caballos","publisher":{"@id":"https:\/\/caballosllargues.es\/fr\/#organization"},"potentialAction":[{"@type":"SearchAction","target":{"@type":"EntryPoint","urlTemplate":"https:\/\/caballosllargues.es\/fr\/?s={search_term_string}"},"query-input":{"@type":"PropertyValueSpecification","valueRequired":true,"valueName":"search_term_string"}}],"inLanguage":"fr-FR"},{"@type":"Organization","@id":"https:\/\/caballosllargues.es\/fr\/#organization","name":"Caballos Llargu\u00e9s","url":"https:\/\/caballosllargues.es\/fr\/","logo":{"@type":"ImageObject","inLanguage":"fr-FR","@id":"https:\/\/caballosllargues.es\/fr\/#\/schema\/logo\/image\/","url":"https:\/\/caballosllargues.es\/wp-content\/uploads\/2022\/07\/Nuevo-Logo-Caballos-Llargues-1.png","contentUrl":"https:\/\/caballosllargues.es\/wp-content\/uploads\/2022\/07\/Nuevo-Logo-Caballos-Llargues-1.png","width":450,"height":367,"caption":"Caballos Llargu\u00e9s"},"image":{"@id":"https:\/\/caballosllargues.es\/fr\/#\/schema\/logo\/image\/"},"sameAs":["https:\/\/www.facebook.com\/caballos.llargues\/?locale=es_ES","https:\/\/www.instagram.com\/caballosllargues\/?hl=es"]}]},"product_price_amount":"0.00","product_price_currency":"EUR","og_availability":"instock","product_availability":"instock","product_condition":"new"},"_links":{"self":[{"href":"https:\/\/caballosllargues.es\/fr\/wp-json\/wp\/v2\/product\/11180","targetHints":{"allow":["GET"]}}],"collection":[{"href":"https:\/\/caballosllargues.es\/fr\/wp-json\/wp\/v2\/product"}],"about":[{"href":"https:\/\/caballosllargues.es\/fr\/wp-json\/wp\/v2\/types\/product"}],"replies":[{"embeddable":true,"href":"https:\/\/caballosllargues.es\/fr\/wp-json\/wp\/v2\/comments?post=11180"}],"wp:featuredmedia":[{"embeddable":true,"href":"https:\/\/caballosllargues.es\/fr\/wp-json\/wp\/v2\/media\/3341"}],"wp:attachment":[{"href":"https:\/\/caballosllargues.es\/fr\/wp-json\/wp\/v2\/media?parent=11180"}],"wp:term":[{"taxonomy":"product_brand","embeddable":true,"href":"https:\/\/caballosllargues.es\/fr\/wp-json\/wp\/v2\/product_brand?post=11180"},{"taxonomy":"product_cat","embeddable":true,"href":"https:\/\/caballosllargues.es\/fr\/wp-json\/wp\/v2\/product_cat?post=11180"},{"taxonomy":"product_tag","embeddable":true,"href":"https:\/\/caballosllargues.es\/fr\/wp-json\/wp\/v2\/product_tag?post=11180"}],"curies":[{"name":"wp","href":"https:\/\/api.w.org\/{rel}","templated":true}]}}