{"id":11363,"date":"2022-08-17T20:01:54","date_gmt":"2022-08-17T20:01:54","guid":{"rendered":"https:\/\/caballosllargues.es\/producto\/yermo-mg-iii\/"},"modified":"2023-09-20T23:19:51","modified_gmt":"2023-09-20T23:19:51","slug":"yermo-mg-iii","status":"publish","type":"product","link":"https:\/\/caballosllargues.es\/fr\/producto\/yermo-mg-iii\/","title":{"rendered":"YERMO MG III"},"content":{"rendered":"","protected":false},"excerpt":{"rendered":"","protected":false},"featured_media":10613,"comment_status":"closed","ping_status":"closed","template":"","meta":{"_jet_sm_ready_style":"","_jet_sm_style":"","_jet_sm_controls_values":"","_jet_sm_fonts_collection":"","_jet_sm_fonts_links":""},"product_brand":[],"product_cat":[458],"product_tag":[468],"class_list":{"0":"post-11363","1":"product","2":"type-product","3":"status-publish","4":"has-post-thumbnail","6":"product_cat-chevaux-poulain","7":"product_tag-con-imagen","9":"first","10":"instock","11":"taxable","12":"shipping-taxable","13":"product-type-simple"},"yoast_head":"<!-- This site is optimized with the Yoast SEO Premium plugin v20.12 (Yoast SEO v24.7) - https:\/\/yoast.com\/wordpress\/plugins\/seo\/ -->\n<title>YERMO MG III - Caballos Llargu\u00e9s<\/title>\n<meta name=\"description\" content=\"Caballos Ll[{&quot;keyword&quot;:&quot;Vente de chevaux \u00e0 Aldara S\u00e9ville Espagne&quot;,&quot;score&quot;:47},{&quot;keyword&quot;:&quot;Vente de juments \u00e0 Aldara S\u00e9ville Espagne&quot;,&quot;score&quot;:47}] argu\u00e9s pr\u00e9sente YERMO MG III suite \u00e0 son d\u00e9vouement \u00e0 l&#039;\u00e9levage de la pure race espagnole de chevaux, juments, poulains, juments...\" \/>\n<meta name=\"robots\" content=\"index, follow, max-snippet:-1, max-image-preview:large, max-video-preview:-1\" \/>\n<link rel=\"canonical\" href=\"https:\/\/caballosllargues.es\/fr\/producto\/yermo-mg-iii\/\" \/>\n<meta property=\"og:locale\" content=\"fr_FR\" \/>\n<meta property=\"og:type\" content=\"article\" \/>\n<meta property=\"og:title\" content=\"YERMO MG III\" \/>\n<meta property=\"og:description\" content=\"Caballos Ll[{&quot;keyword&quot;:&quot;Vente de chevaux \u00e0 Aldara S\u00e9ville Espagne&quot;,&quot;score&quot;:47},{&quot;keyword&quot;:&quot;Vente de juments \u00e0 Aldara S\u00e9ville Espagne&quot;,&quot;score&quot;:47}] argu\u00e9s pr\u00e9sente YERMO MG III suite \u00e0 son d\u00e9vouement \u00e0 l&#039;\u00e9levage de la pure race espagnole de chevaux, juments, poulains, juments...\" \/>\n<meta property=\"og:url\" content=\"https:\/\/caballosllargues.es\/fr\/producto\/yermo-mg-iii\/\" \/>\n<meta property=\"og:site_name\" content=\"Caballos Llargu\u00e9s\" \/>\n<meta property=\"article:publisher\" content=\"https:\/\/www.facebook.com\/caballos.llargues\/?locale=es_ES\" \/>\n<meta property=\"article:modified_time\" content=\"2023-09-20T23:19:51+00:00\" \/>\n<meta property=\"og:image\" content=\"https:\/\/caballosllargues.es\/wp-content\/uploads\/2022\/08\/yermomg3.jpg\" \/>\n\t<meta property=\"og:image:width\" content=\"1800\" \/>\n\t<meta property=\"og:image:height\" content=\"1200\" \/>\n\t<meta property=\"og:image:type\" content=\"image\/jpeg\" \/>\n<meta name=\"twitter:card\" content=\"summary_large_image\" \/>\n<meta name=\"twitter:label1\" content=\"Prix\" \/>\n\t<meta name=\"twitter:data1\" content=\"\" \/>\n\t<meta name=\"twitter:label2\" content=\"Disponibilit\u00e9\" \/>\n\t<meta name=\"twitter:data2\" content=\"En stock\" \/>\n<script type=\"application\/ld+json\" class=\"yoast-schema-graph\">{\"@context\":\"https:\/\/schema.org\",\"@graph\":[{\"@type\":\"WebPage\",\"@id\":\"https:\/\/caballosllargues.es\/fr\/producto\/yermo-mg-iii\/\",\"url\":\"https:\/\/caballosllargues.es\/fr\/producto\/yermo-mg-iii\/\",\"name\":\"YERMO MG III - Caballos Llargu\u00e9s\",\"isPartOf\":{\"@id\":\"https:\/\/caballosllargues.es\/fr\/#website\"},\"primaryImageOfPage\":{\"@id\":\"https:\/\/caballosllargues.es\/fr\/producto\/yermo-mg-iii\/#primaryimage\"},\"image\":{\"@id\":\"https:\/\/caballosllargues.es\/fr\/producto\/yermo-mg-iii\/#primaryimage\"},\"thumbnailUrl\":\"https:\/\/caballosllargues.es\/wp-content\/uploads\/2022\/08\/yermomg3.jpg\",\"datePublished\":\"2022-08-17T20:01:54+00:00\",\"dateModified\":\"2023-09-20T23:19:51+00:00\",\"description\":\"Caballos Ll[{\\\"keyword\\\":\\\"Vente de chevaux \u00e0 Aldara S\u00e9ville Espagne\\\",\\\"score\\\":47},{\\\"keyword\\\":\\\"Vente de juments \u00e0 Aldara S\u00e9ville Espagne\\\",\\\"score\\\":47}] argu\u00e9s pr\u00e9sente YERMO MG III suite \u00e0 son d\u00e9vouement \u00e0 l'\u00e9levage de la pure race espagnole de chevaux, juments, poulains, juments...\",\"breadcrumb\":{\"@id\":\"https:\/\/caballosllargues.es\/fr\/producto\/yermo-mg-iii\/#breadcrumb\"},\"inLanguage\":\"fr-FR\",\"potentialAction\":[{\"@type\":\"ReadAction\",\"target\":[\"https:\/\/caballosllargues.es\/fr\/producto\/yermo-mg-iii\/\"]}]},{\"@type\":\"ImageObject\",\"inLanguage\":\"fr-FR\",\"@id\":\"https:\/\/caballosllargues.es\/fr\/producto\/yermo-mg-iii\/#primaryimage\",\"url\":\"https:\/\/caballosllargues.es\/wp-content\/uploads\/2022\/08\/yermomg3.jpg\",\"contentUrl\":\"https:\/\/caballosllargues.es\/wp-content\/uploads\/2022\/08\/yermomg3.jpg\",\"width\":1800,\"height\":1200},{\"@type\":\"BreadcrumbList\",\"@id\":\"https:\/\/caballosllargues.es\/fr\/producto\/yermo-mg-iii\/#breadcrumb\",\"itemListElement\":[{\"@type\":\"ListItem\",\"position\":1,\"name\":\"Home\",\"item\":\"https:\/\/caballosllargues.es\/fr\/\"},{\"@type\":\"ListItem\",\"position\":2,\"name\":\"Produits\",\"item\":\"https:\/\/caballosllargues.es\/fr\/shop\/\"},{\"@type\":\"ListItem\",\"position\":3,\"name\":\"YERMO MG III\"}]},{\"@type\":\"WebSite\",\"@id\":\"https:\/\/caballosllargues.es\/fr\/#website\",\"url\":\"https:\/\/caballosllargues.es\/fr\/\",\"name\":\"Caballos Llargu\u00e9s\",\"description\":\"Compra - Venta de Caballos\",\"publisher\":{\"@id\":\"https:\/\/caballosllargues.es\/fr\/#organization\"},\"potentialAction\":[{\"@type\":\"SearchAction\",\"target\":{\"@type\":\"EntryPoint\",\"urlTemplate\":\"https:\/\/caballosllargues.es\/fr\/?s={search_term_string}\"},\"query-input\":{\"@type\":\"PropertyValueSpecification\",\"valueRequired\":true,\"valueName\":\"search_term_string\"}}],\"inLanguage\":\"fr-FR\"},{\"@type\":\"Organization\",\"@id\":\"https:\/\/caballosllargues.es\/fr\/#organization\",\"name\":\"Caballos Llargu\u00e9s\",\"url\":\"https:\/\/caballosllargues.es\/fr\/\",\"logo\":{\"@type\":\"ImageObject\",\"inLanguage\":\"fr-FR\",\"@id\":\"https:\/\/caballosllargues.es\/fr\/#\/schema\/logo\/image\/\",\"url\":\"https:\/\/caballosllargues.es\/wp-content\/uploads\/2022\/07\/Nuevo-Logo-Caballos-Llargues-1.png\",\"contentUrl\":\"https:\/\/caballosllargues.es\/wp-content\/uploads\/2022\/07\/Nuevo-Logo-Caballos-Llargues-1.png\",\"width\":450,\"height\":367,\"caption\":\"Caballos Llargu\u00e9s\"},\"image\":{\"@id\":\"https:\/\/caballosllargues.es\/fr\/#\/schema\/logo\/image\/\"},\"sameAs\":[\"https:\/\/www.facebook.com\/caballos.llargues\/?locale=es_ES\",\"https:\/\/www.instagram.com\/caballosllargues\/?hl=es\"]}]}<\/script>\n<meta property=\"product:price:amount\" content=\"0.00\" \/>\n<meta property=\"product:price:currency\" content=\"EUR\" \/>\n<meta property=\"og:availability\" content=\"instock\" \/>\n<meta property=\"product:availability\" content=\"instock\" \/>\n<meta property=\"product:condition\" content=\"new\" \/>\n<!-- \/ Yoast SEO Premium plugin. -->","yoast_head_json":{"title":"YERMO MG III - Caballos Llargu\u00e9s","description":"Caballos Ll[{\"keyword\":\"Vente de chevaux \u00e0 Aldara S\u00e9ville Espagne\",\"score\":47},{\"keyword\":\"Vente de juments \u00e0 Aldara S\u00e9ville Espagne\",\"score\":47}] argu\u00e9s pr\u00e9sente YERMO MG III suite \u00e0 son d\u00e9vouement \u00e0 l'\u00e9levage de la pure race espagnole de chevaux, juments, poulains, juments...","robots":{"index":"index","follow":"follow","max-snippet":"max-snippet:-1","max-image-preview":"max-image-preview:large","max-video-preview":"max-video-preview:-1"},"canonical":"https:\/\/caballosllargues.es\/fr\/producto\/yermo-mg-iii\/","og_locale":"fr_FR","og_type":"article","og_title":"YERMO MG III","og_description":"Caballos Ll[{\"keyword\":\"Vente de chevaux \u00e0 Aldara S\u00e9ville Espagne\",\"score\":47},{\"keyword\":\"Vente de juments \u00e0 Aldara S\u00e9ville Espagne\",\"score\":47}] argu\u00e9s pr\u00e9sente YERMO MG III suite \u00e0 son d\u00e9vouement \u00e0 l'\u00e9levage de la pure race espagnole de chevaux, juments, poulains, juments...","og_url":"https:\/\/caballosllargues.es\/fr\/producto\/yermo-mg-iii\/","og_site_name":"Caballos Llargu\u00e9s","article_publisher":"https:\/\/www.facebook.com\/caballos.llargues\/?locale=es_ES","article_modified_time":"2023-09-20T23:19:51+00:00","og_image":[{"width":1800,"height":1200,"url":"https:\/\/caballosllargues.es\/wp-content\/uploads\/2022\/08\/yermomg3.jpg","type":"image\/jpeg"}],"twitter_card":"summary_large_image","twitter_misc":{"Prix":"","Disponibilit\u00e9":"En stock"},"schema":{"@context":"https:\/\/schema.org","@graph":[{"@type":"WebPage","@id":"https:\/\/caballosllargues.es\/fr\/producto\/yermo-mg-iii\/","url":"https:\/\/caballosllargues.es\/fr\/producto\/yermo-mg-iii\/","name":"YERMO MG III - Caballos Llargu\u00e9s","isPartOf":{"@id":"https:\/\/caballosllargues.es\/fr\/#website"},"primaryImageOfPage":{"@id":"https:\/\/caballosllargues.es\/fr\/producto\/yermo-mg-iii\/#primaryimage"},"image":{"@id":"https:\/\/caballosllargues.es\/fr\/producto\/yermo-mg-iii\/#primaryimage"},"thumbnailUrl":"https:\/\/caballosllargues.es\/wp-content\/uploads\/2022\/08\/yermomg3.jpg","datePublished":"2022-08-17T20:01:54+00:00","dateModified":"2023-09-20T23:19:51+00:00","description":"Caballos Ll[{\"keyword\":\"Vente de chevaux \u00e0 Aldara S\u00e9ville Espagne\",\"score\":47},{\"keyword\":\"Vente de juments \u00e0 Aldara S\u00e9ville Espagne\",\"score\":47}] argu\u00e9s pr\u00e9sente YERMO MG III suite \u00e0 son d\u00e9vouement \u00e0 l'\u00e9levage de la pure race espagnole de chevaux, juments, poulains, juments...","breadcrumb":{"@id":"https:\/\/caballosllargues.es\/fr\/producto\/yermo-mg-iii\/#breadcrumb"},"inLanguage":"fr-FR","potentialAction":[{"@type":"ReadAction","target":["https:\/\/caballosllargues.es\/fr\/producto\/yermo-mg-iii\/"]}]},{"@type":"ImageObject","inLanguage":"fr-FR","@id":"https:\/\/caballosllargues.es\/fr\/producto\/yermo-mg-iii\/#primaryimage","url":"https:\/\/caballosllargues.es\/wp-content\/uploads\/2022\/08\/yermomg3.jpg","contentUrl":"https:\/\/caballosllargues.es\/wp-content\/uploads\/2022\/08\/yermomg3.jpg","width":1800,"height":1200},{"@type":"BreadcrumbList","@id":"https:\/\/caballosllargues.es\/fr\/producto\/yermo-mg-iii\/#breadcrumb","itemListElement":[{"@type":"ListItem","position":1,"name":"Home","item":"https:\/\/caballosllargues.es\/fr\/"},{"@type":"ListItem","position":2,"name":"Produits","item":"https:\/\/caballosllargues.es\/fr\/shop\/"},{"@type":"ListItem","position":3,"name":"YERMO MG III"}]},{"@type":"WebSite","@id":"https:\/\/caballosllargues.es\/fr\/#website","url":"https:\/\/caballosllargues.es\/fr\/","name":"Caballos Llargu\u00e9s","description":"Compra - Venta de Caballos","publisher":{"@id":"https:\/\/caballosllargues.es\/fr\/#organization"},"potentialAction":[{"@type":"SearchAction","target":{"@type":"EntryPoint","urlTemplate":"https:\/\/caballosllargues.es\/fr\/?s={search_term_string}"},"query-input":{"@type":"PropertyValueSpecification","valueRequired":true,"valueName":"search_term_string"}}],"inLanguage":"fr-FR"},{"@type":"Organization","@id":"https:\/\/caballosllargues.es\/fr\/#organization","name":"Caballos Llargu\u00e9s","url":"https:\/\/caballosllargues.es\/fr\/","logo":{"@type":"ImageObject","inLanguage":"fr-FR","@id":"https:\/\/caballosllargues.es\/fr\/#\/schema\/logo\/image\/","url":"https:\/\/caballosllargues.es\/wp-content\/uploads\/2022\/07\/Nuevo-Logo-Caballos-Llargues-1.png","contentUrl":"https:\/\/caballosllargues.es\/wp-content\/uploads\/2022\/07\/Nuevo-Logo-Caballos-Llargues-1.png","width":450,"height":367,"caption":"Caballos Llargu\u00e9s"},"image":{"@id":"https:\/\/caballosllargues.es\/fr\/#\/schema\/logo\/image\/"},"sameAs":["https:\/\/www.facebook.com\/caballos.llargues\/?locale=es_ES","https:\/\/www.instagram.com\/caballosllargues\/?hl=es"]}]},"product_price_amount":"0.00","product_price_currency":"EUR","og_availability":"instock","product_availability":"instock","product_condition":"new"},"_links":{"self":[{"href":"https:\/\/caballosllargues.es\/fr\/wp-json\/wp\/v2\/product\/11363","targetHints":{"allow":["GET"]}}],"collection":[{"href":"https:\/\/caballosllargues.es\/fr\/wp-json\/wp\/v2\/product"}],"about":[{"href":"https:\/\/caballosllargues.es\/fr\/wp-json\/wp\/v2\/types\/product"}],"replies":[{"embeddable":true,"href":"https:\/\/caballosllargues.es\/fr\/wp-json\/wp\/v2\/comments?post=11363"}],"wp:featuredmedia":[{"embeddable":true,"href":"https:\/\/caballosllargues.es\/fr\/wp-json\/wp\/v2\/media\/10613"}],"wp:attachment":[{"href":"https:\/\/caballosllargues.es\/fr\/wp-json\/wp\/v2\/media?parent=11363"}],"wp:term":[{"taxonomy":"product_brand","embeddable":true,"href":"https:\/\/caballosllargues.es\/fr\/wp-json\/wp\/v2\/product_brand?post=11363"},{"taxonomy":"product_cat","embeddable":true,"href":"https:\/\/caballosllargues.es\/fr\/wp-json\/wp\/v2\/product_cat?post=11363"},{"taxonomy":"product_tag","embeddable":true,"href":"https:\/\/caballosllargues.es\/fr\/wp-json\/wp\/v2\/product_tag?post=11363"}],"curies":[{"name":"wp","href":"https:\/\/api.w.org\/{rel}","templated":true}]}}