{"id":16211,"date":"2023-05-19T05:11:19","date_gmt":"2023-05-19T05:11:19","guid":{"rendered":"https:\/\/caballosllargues.es\/producto\/carrello-sociale\/"},"modified":"2023-05-25T18:23:51","modified_gmt":"2023-05-25T18:23:51","slug":"carrello-sociale","status":"publish","type":"product","link":"https:\/\/caballosllargues.es\/it\/producto\/carrello-sociale\/","title":{"rendered":"CARRELLO SOCIALE"},"content":{"rendered":"","protected":false},"excerpt":{"rendered":"","protected":false},"featured_media":0,"comment_status":"closed","ping_status":"closed","template":"","meta":{"_jet_sm_ready_style":"","_jet_sm_style":"","_jet_sm_controls_values":"","_jet_sm_fonts_collection":"","_jet_sm_fonts_links":""},"product_brand":[],"product_cat":[474],"product_tag":[],"class_list":{"0":"post-16211","1":"product","2":"type-product","3":"status-publish","5":"product_cat-carrozze","7":"first","8":"instock","9":"taxable","10":"shipping-taxable","11":"product-type-simple"},"yoast_head":"<!-- This site is optimized with the Yoast SEO Premium plugin v20.12 (Yoast SEO v24.7) - https:\/\/yoast.com\/wordpress\/plugins\/seo\/ -->\n<title>CARRELLO SOCIALE - Caballos Llargu\u00e9s<\/title>\n<meta name=\"description\" content=\"Caballos Llargu\u00e9s presenta a CARRELLO SOCIALE como resultado a la dedicaci\u00f3n a la cr\u00eda de la raza pura espa\u00f1ola de caballos, yeguas, potros y la venta carruajes.\" \/>\n<meta name=\"robots\" content=\"index, follow, max-snippet:-1, max-image-preview:large, max-video-preview:-1\" \/>\n<link rel=\"canonical\" href=\"https:\/\/caballosllargues.es\/it\/producto\/carrello-sociale\/\" \/>\n<meta property=\"og:locale\" content=\"it_IT\" \/>\n<meta property=\"og:type\" content=\"article\" \/>\n<meta property=\"og:title\" content=\"CARRELLO SOCIALE\" \/>\n<meta property=\"og:description\" content=\"Caballos Llargu\u00e9s presenta a CARRELLO SOCIALE como resultado a la dedicaci\u00f3n a la cr\u00eda de la raza pura espa\u00f1ola de caballos, yeguas, potros y la venta carruajes.\" \/>\n<meta property=\"og:url\" content=\"https:\/\/caballosllargues.es\/it\/producto\/carrello-sociale\/\" \/>\n<meta property=\"og:site_name\" content=\"Caballos Llargu\u00e9s\" \/>\n<meta property=\"article:publisher\" content=\"https:\/\/www.facebook.com\/caballos.llargues\/?locale=es_ES\" \/>\n<meta property=\"article:modified_time\" content=\"2023-05-25T18:23:51+00:00\" \/>\n<meta name=\"twitter:card\" content=\"summary_large_image\" \/>\n<meta name=\"twitter:label1\" content=\"Prezzo\" \/>\n\t<meta name=\"twitter:data1\" content=\"\" \/>\n\t<meta name=\"twitter:label2\" content=\"Disponibilit\u00e0\" \/>\n\t<meta name=\"twitter:data2\" content=\"In stock\" \/>\n<script type=\"application\/ld+json\" class=\"yoast-schema-graph\">{\"@context\":\"https:\/\/schema.org\",\"@graph\":[{\"@type\":\"WebPage\",\"@id\":\"https:\/\/caballosllargues.es\/it\/producto\/carrello-sociale\/\",\"url\":\"https:\/\/caballosllargues.es\/it\/producto\/carrello-sociale\/\",\"name\":\"CARRELLO SOCIALE - Caballos Llargu\u00e9s\",\"isPartOf\":{\"@id\":\"https:\/\/caballosllargues.es\/it\/#website\"},\"datePublished\":\"2023-05-19T05:11:19+00:00\",\"dateModified\":\"2023-05-25T18:23:51+00:00\",\"description\":\"Caballos Llargu\u00e9s presenta a CARRELLO SOCIALE como resultado a la dedicaci\u00f3n a la cr\u00eda de la raza pura espa\u00f1ola de caballos, yeguas, potros y la venta carruajes.\",\"breadcrumb\":{\"@id\":\"https:\/\/caballosllargues.es\/it\/producto\/carrello-sociale\/#breadcrumb\"},\"inLanguage\":\"it-IT\",\"potentialAction\":[{\"@type\":\"ReadAction\",\"target\":[\"https:\/\/caballosllargues.es\/it\/producto\/carrello-sociale\/\"]}]},{\"@type\":\"BreadcrumbList\",\"@id\":\"https:\/\/caballosllargues.es\/it\/producto\/carrello-sociale\/#breadcrumb\",\"itemListElement\":[{\"@type\":\"ListItem\",\"position\":1,\"name\":\"Home\",\"item\":\"https:\/\/caballosllargues.es\/it\/\"},{\"@type\":\"ListItem\",\"position\":2,\"name\":\"Prodotti\",\"item\":\"https:\/\/caballosllargues.es\/it\/shop\/\"},{\"@type\":\"ListItem\",\"position\":3,\"name\":\"CARRELLO SOCIALE\"}]},{\"@type\":\"WebSite\",\"@id\":\"https:\/\/caballosllargues.es\/it\/#website\",\"url\":\"https:\/\/caballosllargues.es\/it\/\",\"name\":\"Caballos Llargu\u00e9s\",\"description\":\"Compra - Venta de Caballos\",\"publisher\":{\"@id\":\"https:\/\/caballosllargues.es\/it\/#organization\"},\"potentialAction\":[{\"@type\":\"SearchAction\",\"target\":{\"@type\":\"EntryPoint\",\"urlTemplate\":\"https:\/\/caballosllargues.es\/it\/?s={search_term_string}\"},\"query-input\":{\"@type\":\"PropertyValueSpecification\",\"valueRequired\":true,\"valueName\":\"search_term_string\"}}],\"inLanguage\":\"it-IT\"},{\"@type\":\"Organization\",\"@id\":\"https:\/\/caballosllargues.es\/it\/#organization\",\"name\":\"Caballos Llargu\u00e9s\",\"url\":\"https:\/\/caballosllargues.es\/it\/\",\"logo\":{\"@type\":\"ImageObject\",\"inLanguage\":\"it-IT\",\"@id\":\"https:\/\/caballosllargues.es\/it\/#\/schema\/logo\/image\/\",\"url\":\"https:\/\/caballosllargues.es\/wp-content\/uploads\/2022\/07\/Nuevo-Logo-Caballos-Llargues-1.png\",\"contentUrl\":\"https:\/\/caballosllargues.es\/wp-content\/uploads\/2022\/07\/Nuevo-Logo-Caballos-Llargues-1.png\",\"width\":450,\"height\":367,\"caption\":\"Caballos Llargu\u00e9s\"},\"image\":{\"@id\":\"https:\/\/caballosllargues.es\/it\/#\/schema\/logo\/image\/\"},\"sameAs\":[\"https:\/\/www.facebook.com\/caballos.llargues\/?locale=es_ES\",\"https:\/\/www.instagram.com\/caballosllargues\/?hl=es\"]}]}<\/script>\n<meta property=\"product:price:amount\" content=\"0.00\" \/>\n<meta property=\"product:price:currency\" content=\"EUR\" \/>\n<meta property=\"og:availability\" content=\"instock\" \/>\n<meta property=\"product:availability\" content=\"instock\" \/>\n<meta property=\"product:condition\" content=\"new\" \/>\n<!-- \/ Yoast SEO Premium plugin. -->","yoast_head_json":{"title":"CARRELLO SOCIALE - Caballos Llargu\u00e9s","description":"Caballos Llargu\u00e9s presenta a CARRELLO SOCIALE como resultado a la dedicaci\u00f3n a la cr\u00eda de la raza pura espa\u00f1ola de caballos, yeguas, potros y la venta carruajes.","robots":{"index":"index","follow":"follow","max-snippet":"max-snippet:-1","max-image-preview":"max-image-preview:large","max-video-preview":"max-video-preview:-1"},"canonical":"https:\/\/caballosllargues.es\/it\/producto\/carrello-sociale\/","og_locale":"it_IT","og_type":"article","og_title":"CARRELLO SOCIALE","og_description":"Caballos Llargu\u00e9s presenta a CARRELLO SOCIALE como resultado a la dedicaci\u00f3n a la cr\u00eda de la raza pura espa\u00f1ola de caballos, yeguas, potros y la venta carruajes.","og_url":"https:\/\/caballosllargues.es\/it\/producto\/carrello-sociale\/","og_site_name":"Caballos Llargu\u00e9s","article_publisher":"https:\/\/www.facebook.com\/caballos.llargues\/?locale=es_ES","article_modified_time":"2023-05-25T18:23:51+00:00","twitter_card":"summary_large_image","twitter_misc":{"Prezzo":"","Disponibilit\u00e0":"In stock"},"schema":{"@context":"https:\/\/schema.org","@graph":[{"@type":"WebPage","@id":"https:\/\/caballosllargues.es\/it\/producto\/carrello-sociale\/","url":"https:\/\/caballosllargues.es\/it\/producto\/carrello-sociale\/","name":"CARRELLO SOCIALE - Caballos Llargu\u00e9s","isPartOf":{"@id":"https:\/\/caballosllargues.es\/it\/#website"},"datePublished":"2023-05-19T05:11:19+00:00","dateModified":"2023-05-25T18:23:51+00:00","description":"Caballos Llargu\u00e9s presenta a CARRELLO SOCIALE como resultado a la dedicaci\u00f3n a la cr\u00eda de la raza pura espa\u00f1ola de caballos, yeguas, potros y la venta carruajes.","breadcrumb":{"@id":"https:\/\/caballosllargues.es\/it\/producto\/carrello-sociale\/#breadcrumb"},"inLanguage":"it-IT","potentialAction":[{"@type":"ReadAction","target":["https:\/\/caballosllargues.es\/it\/producto\/carrello-sociale\/"]}]},{"@type":"BreadcrumbList","@id":"https:\/\/caballosllargues.es\/it\/producto\/carrello-sociale\/#breadcrumb","itemListElement":[{"@type":"ListItem","position":1,"name":"Home","item":"https:\/\/caballosllargues.es\/it\/"},{"@type":"ListItem","position":2,"name":"Prodotti","item":"https:\/\/caballosllargues.es\/it\/shop\/"},{"@type":"ListItem","position":3,"name":"CARRELLO SOCIALE"}]},{"@type":"WebSite","@id":"https:\/\/caballosllargues.es\/it\/#website","url":"https:\/\/caballosllargues.es\/it\/","name":"Caballos Llargu\u00e9s","description":"Compra - Venta de Caballos","publisher":{"@id":"https:\/\/caballosllargues.es\/it\/#organization"},"potentialAction":[{"@type":"SearchAction","target":{"@type":"EntryPoint","urlTemplate":"https:\/\/caballosllargues.es\/it\/?s={search_term_string}"},"query-input":{"@type":"PropertyValueSpecification","valueRequired":true,"valueName":"search_term_string"}}],"inLanguage":"it-IT"},{"@type":"Organization","@id":"https:\/\/caballosllargues.es\/it\/#organization","name":"Caballos Llargu\u00e9s","url":"https:\/\/caballosllargues.es\/it\/","logo":{"@type":"ImageObject","inLanguage":"it-IT","@id":"https:\/\/caballosllargues.es\/it\/#\/schema\/logo\/image\/","url":"https:\/\/caballosllargues.es\/wp-content\/uploads\/2022\/07\/Nuevo-Logo-Caballos-Llargues-1.png","contentUrl":"https:\/\/caballosllargues.es\/wp-content\/uploads\/2022\/07\/Nuevo-Logo-Caballos-Llargues-1.png","width":450,"height":367,"caption":"Caballos Llargu\u00e9s"},"image":{"@id":"https:\/\/caballosllargues.es\/it\/#\/schema\/logo\/image\/"},"sameAs":["https:\/\/www.facebook.com\/caballos.llargues\/?locale=es_ES","https:\/\/www.instagram.com\/caballosllargues\/?hl=es"]}]},"product_price_amount":"0.00","product_price_currency":"EUR","og_availability":"instock","product_availability":"instock","product_condition":"new"},"_links":{"self":[{"href":"https:\/\/caballosllargues.es\/it\/wp-json\/wp\/v2\/product\/16211","targetHints":{"allow":["GET"]}}],"collection":[{"href":"https:\/\/caballosllargues.es\/it\/wp-json\/wp\/v2\/product"}],"about":[{"href":"https:\/\/caballosllargues.es\/it\/wp-json\/wp\/v2\/types\/product"}],"replies":[{"embeddable":true,"href":"https:\/\/caballosllargues.es\/it\/wp-json\/wp\/v2\/comments?post=16211"}],"wp:attachment":[{"href":"https:\/\/caballosllargues.es\/it\/wp-json\/wp\/v2\/media?parent=16211"}],"wp:term":[{"taxonomy":"product_brand","embeddable":true,"href":"https:\/\/caballosllargues.es\/it\/wp-json\/wp\/v2\/product_brand?post=16211"},{"taxonomy":"product_cat","embeddable":true,"href":"https:\/\/caballosllargues.es\/it\/wp-json\/wp\/v2\/product_cat?post=16211"},{"taxonomy":"product_tag","embeddable":true,"href":"https:\/\/caballosllargues.es\/it\/wp-json\/wp\/v2\/product_tag?post=16211"}],"curies":[{"name":"wp","href":"https:\/\/api.w.org\/{rel}","templated":true}]}}