{"id":16532,"date":"2023-05-19T05:11:10","date_gmt":"2023-05-19T05:11:10","guid":{"rendered":"https:\/\/caballosllargues.es\/producto\/%e4%bc%8a%e5%88%a9%e5%a5%a7%e4%b8%8b%e5%8d%88\/"},"modified":"2023-05-24T21:27:17","modified_gmt":"2023-05-24T21:27:17","slug":"%e4%bc%8a%e5%88%a9%e5%a5%a7%e4%b8%8b%e5%8d%88","status":"publish","type":"product","link":"https:\/\/caballosllargues.es\/zh-hant\/producto\/%e4%bc%8a%e5%88%a9%e5%a5%a7%e4%b8%8b%e5%8d%88\/","title":{"rendered":"\u4f0a\u5229\u5967\u4e0b\u5348"},"content":{"rendered":"","protected":false},"excerpt":{"rendered":"","protected":false},"featured_media":17110,"comment_status":"closed","ping_status":"closed","template":"","meta":{"_jet_sm_ready_style":"","_jet_sm_style":"","_jet_sm_controls_values":"","_jet_sm_fonts_collection":"","_jet_sm_fonts_links":""},"product_brand":[],"product_cat":[477],"product_tag":[],"class_list":{"0":"post-16532","1":"product","2":"type-product","3":"status-publish","4":"has-post-thumbnail","6":"product_cat-caballos","8":"first","9":"instock","10":"taxable","11":"shipping-taxable","12":"product-type-simple"},"yoast_head":"<!-- This site is optimized with the Yoast SEO Premium plugin v20.12 (Yoast SEO v24.7) - https:\/\/yoast.com\/wordpress\/plugins\/seo\/ -->\n<title>\u4f0a\u5229\u5967\u4e0b\u5348 - Caballos Llargu\u00e9s<\/title>\n<meta name=\"description\" content=\"Caballos Llargu\u00e9s presenta a \u4f0a\u5229\u5967\u4e0b\u5348 como resultado a la dedicaci\u00f3n a la cr\u00eda de la raza pura espa\u00f1ola de caballos, yeguas, potros y la venta carruajes.\" \/>\n<meta name=\"robots\" content=\"index, follow, max-snippet:-1, max-image-preview:large, max-video-preview:-1\" \/>\n<link rel=\"canonical\" href=\"https:\/\/caballosllargues.es\/zh-hant\/producto\/%e4%bc%8a%e5%88%a9%e5%a5%a7%e4%b8%8b%e5%8d%88\/\" \/>\n<meta property=\"og:locale\" content=\"zh_TW\" \/>\n<meta property=\"og:type\" content=\"article\" \/>\n<meta property=\"og:title\" content=\"\u4f0a\u5229\u5967\u4e0b\u5348\" \/>\n<meta property=\"og:description\" content=\"Caballos Llargu\u00e9s presenta a \u4f0a\u5229\u5967\u4e0b\u5348 como resultado a la dedicaci\u00f3n a la cr\u00eda de la raza pura espa\u00f1ola de caballos, yeguas, potros y la venta carruajes.\" \/>\n<meta property=\"og:url\" content=\"https:\/\/caballosllargues.es\/zh-hant\/producto\/%e4%bc%8a%e5%88%a9%e5%a5%a7%e4%b8%8b%e5%8d%88\/\" \/>\n<meta property=\"og:site_name\" content=\"Caballos Llargu\u00e9s\" \/>\n<meta property=\"article:publisher\" content=\"https:\/\/www.facebook.com\/caballos.llargues\/?locale=es_ES\" \/>\n<meta property=\"article:modified_time\" content=\"2023-05-24T21:27:17+00:00\" \/>\n<meta property=\"og:image\" content=\"https:\/\/caballosllargues.es\/wp-content\/uploads\/2023\/05\/ELIO_PM_3-scaled.jpg\" \/>\n\t<meta property=\"og:image:width\" content=\"2560\" \/>\n\t<meta property=\"og:image:height\" content=\"1828\" \/>\n\t<meta property=\"og:image:type\" content=\"image\/jpeg\" \/>\n<meta name=\"twitter:card\" content=\"summary_large_image\" \/>\n<meta name=\"twitter:label1\" content=\"Price\" \/>\n\t<meta name=\"twitter:data1\" content=\"\" \/>\n\t<meta name=\"twitter:label2\" content=\"Availability\" \/>\n\t<meta name=\"twitter:data2\" content=\"In stock\" \/>\n<script type=\"application\/ld+json\" class=\"yoast-schema-graph\">{\"@context\":\"https:\/\/schema.org\",\"@graph\":[{\"@type\":\"WebPage\",\"@id\":\"https:\/\/caballosllargues.es\/zh-hant\/producto\/%e4%bc%8a%e5%88%a9%e5%a5%a7%e4%b8%8b%e5%8d%88\/\",\"url\":\"https:\/\/caballosllargues.es\/zh-hant\/producto\/%e4%bc%8a%e5%88%a9%e5%a5%a7%e4%b8%8b%e5%8d%88\/\",\"name\":\"\u4f0a\u5229\u5967\u4e0b\u5348 - Caballos Llargu\u00e9s\",\"isPartOf\":{\"@id\":\"https:\/\/caballosllargues.es\/zh-hant\/#website\"},\"primaryImageOfPage\":{\"@id\":\"https:\/\/caballosllargues.es\/zh-hant\/producto\/%e4%bc%8a%e5%88%a9%e5%a5%a7%e4%b8%8b%e5%8d%88\/#primaryimage\"},\"image\":{\"@id\":\"https:\/\/caballosllargues.es\/zh-hant\/producto\/%e4%bc%8a%e5%88%a9%e5%a5%a7%e4%b8%8b%e5%8d%88\/#primaryimage\"},\"thumbnailUrl\":\"https:\/\/caballosllargues.es\/wp-content\/uploads\/2023\/05\/ELIO_PM_3-scaled.jpg\",\"datePublished\":\"2023-05-19T05:11:10+00:00\",\"dateModified\":\"2023-05-24T21:27:17+00:00\",\"description\":\"Caballos Llargu\u00e9s presenta a \u4f0a\u5229\u5967\u4e0b\u5348 como resultado a la dedicaci\u00f3n a la cr\u00eda de la raza pura espa\u00f1ola de caballos, yeguas, potros y la venta carruajes.\",\"breadcrumb\":{\"@id\":\"https:\/\/caballosllargues.es\/zh-hant\/producto\/%e4%bc%8a%e5%88%a9%e5%a5%a7%e4%b8%8b%e5%8d%88\/#breadcrumb\"},\"inLanguage\":\"zh-TW\",\"potentialAction\":[{\"@type\":\"ReadAction\",\"target\":[\"https:\/\/caballosllargues.es\/zh-hant\/producto\/%e4%bc%8a%e5%88%a9%e5%a5%a7%e4%b8%8b%e5%8d%88\/\"]}]},{\"@type\":\"ImageObject\",\"inLanguage\":\"zh-TW\",\"@id\":\"https:\/\/caballosllargues.es\/zh-hant\/producto\/%e4%bc%8a%e5%88%a9%e5%a5%a7%e4%b8%8b%e5%8d%88\/#primaryimage\",\"url\":\"https:\/\/caballosllargues.es\/wp-content\/uploads\/2023\/05\/ELIO_PM_3-scaled.jpg\",\"contentUrl\":\"https:\/\/caballosllargues.es\/wp-content\/uploads\/2023\/05\/ELIO_PM_3-scaled.jpg\",\"width\":2560,\"height\":1828},{\"@type\":\"BreadcrumbList\",\"@id\":\"https:\/\/caballosllargues.es\/zh-hant\/producto\/%e4%bc%8a%e5%88%a9%e5%a5%a7%e4%b8%8b%e5%8d%88\/#breadcrumb\",\"itemListElement\":[{\"@type\":\"ListItem\",\"position\":1,\"name\":\"Home\",\"item\":\"https:\/\/caballosllargues.es\/zh-hant\/\"},{\"@type\":\"ListItem\",\"position\":2,\"name\":\"\u5546\u54c1\",\"item\":\"https:\/\/caballosllargues.es\/zh-hant\/shop\/\"},{\"@type\":\"ListItem\",\"position\":3,\"name\":\"\u4f0a\u5229\u5967\u4e0b\u5348\"}]},{\"@type\":\"WebSite\",\"@id\":\"https:\/\/caballosllargues.es\/zh-hant\/#website\",\"url\":\"https:\/\/caballosllargues.es\/zh-hant\/\",\"name\":\"Caballos Llargu\u00e9s\",\"description\":\"Compra - Venta de Caballos\",\"publisher\":{\"@id\":\"https:\/\/caballosllargues.es\/zh-hant\/#organization\"},\"potentialAction\":[{\"@type\":\"SearchAction\",\"target\":{\"@type\":\"EntryPoint\",\"urlTemplate\":\"https:\/\/caballosllargues.es\/zh-hant\/?s={search_term_string}\"},\"query-input\":{\"@type\":\"PropertyValueSpecification\",\"valueRequired\":true,\"valueName\":\"search_term_string\"}}],\"inLanguage\":\"zh-TW\"},{\"@type\":\"Organization\",\"@id\":\"https:\/\/caballosllargues.es\/zh-hant\/#organization\",\"name\":\"Caballos Llargu\u00e9s\",\"url\":\"https:\/\/caballosllargues.es\/zh-hant\/\",\"logo\":{\"@type\":\"ImageObject\",\"inLanguage\":\"zh-TW\",\"@id\":\"https:\/\/caballosllargues.es\/zh-hant\/#\/schema\/logo\/image\/\",\"url\":\"https:\/\/caballosllargues.es\/wp-content\/uploads\/2022\/07\/Nuevo-Logo-Caballos-Llargues-1.png\",\"contentUrl\":\"https:\/\/caballosllargues.es\/wp-content\/uploads\/2022\/07\/Nuevo-Logo-Caballos-Llargues-1.png\",\"width\":450,\"height\":367,\"caption\":\"Caballos Llargu\u00e9s\"},\"image\":{\"@id\":\"https:\/\/caballosllargues.es\/zh-hant\/#\/schema\/logo\/image\/\"},\"sameAs\":[\"https:\/\/www.facebook.com\/caballos.llargues\/?locale=es_ES\",\"https:\/\/www.instagram.com\/caballosllargues\/?hl=es\"]}]}<\/script>\n<meta property=\"product:price:amount\" content=\"0.00\" \/>\n<meta property=\"product:price:currency\" content=\"EUR\" \/>\n<meta property=\"og:availability\" content=\"instock\" \/>\n<meta property=\"product:availability\" content=\"instock\" \/>\n<meta property=\"product:condition\" content=\"new\" \/>\n<!-- \/ Yoast SEO Premium plugin. -->","yoast_head_json":{"title":"\u4f0a\u5229\u5967\u4e0b\u5348 - Caballos Llargu\u00e9s","description":"Caballos Llargu\u00e9s presenta a \u4f0a\u5229\u5967\u4e0b\u5348 como resultado a la dedicaci\u00f3n a la cr\u00eda de la raza pura espa\u00f1ola de caballos, yeguas, potros y la venta carruajes.","robots":{"index":"index","follow":"follow","max-snippet":"max-snippet:-1","max-image-preview":"max-image-preview:large","max-video-preview":"max-video-preview:-1"},"canonical":"https:\/\/caballosllargues.es\/zh-hant\/producto\/%e4%bc%8a%e5%88%a9%e5%a5%a7%e4%b8%8b%e5%8d%88\/","og_locale":"zh_TW","og_type":"article","og_title":"\u4f0a\u5229\u5967\u4e0b\u5348","og_description":"Caballos Llargu\u00e9s presenta a \u4f0a\u5229\u5967\u4e0b\u5348 como resultado a la dedicaci\u00f3n a la cr\u00eda de la raza pura espa\u00f1ola de caballos, yeguas, potros y la venta carruajes.","og_url":"https:\/\/caballosllargues.es\/zh-hant\/producto\/%e4%bc%8a%e5%88%a9%e5%a5%a7%e4%b8%8b%e5%8d%88\/","og_site_name":"Caballos Llargu\u00e9s","article_publisher":"https:\/\/www.facebook.com\/caballos.llargues\/?locale=es_ES","article_modified_time":"2023-05-24T21:27:17+00:00","og_image":[{"width":2560,"height":1828,"url":"https:\/\/caballosllargues.es\/wp-content\/uploads\/2023\/05\/ELIO_PM_3-scaled.jpg","type":"image\/jpeg"}],"twitter_card":"summary_large_image","twitter_misc":{"Price":"","Availability":"In stock"},"schema":{"@context":"https:\/\/schema.org","@graph":[{"@type":"WebPage","@id":"https:\/\/caballosllargues.es\/zh-hant\/producto\/%e4%bc%8a%e5%88%a9%e5%a5%a7%e4%b8%8b%e5%8d%88\/","url":"https:\/\/caballosllargues.es\/zh-hant\/producto\/%e4%bc%8a%e5%88%a9%e5%a5%a7%e4%b8%8b%e5%8d%88\/","name":"\u4f0a\u5229\u5967\u4e0b\u5348 - Caballos Llargu\u00e9s","isPartOf":{"@id":"https:\/\/caballosllargues.es\/zh-hant\/#website"},"primaryImageOfPage":{"@id":"https:\/\/caballosllargues.es\/zh-hant\/producto\/%e4%bc%8a%e5%88%a9%e5%a5%a7%e4%b8%8b%e5%8d%88\/#primaryimage"},"image":{"@id":"https:\/\/caballosllargues.es\/zh-hant\/producto\/%e4%bc%8a%e5%88%a9%e5%a5%a7%e4%b8%8b%e5%8d%88\/#primaryimage"},"thumbnailUrl":"https:\/\/caballosllargues.es\/wp-content\/uploads\/2023\/05\/ELIO_PM_3-scaled.jpg","datePublished":"2023-05-19T05:11:10+00:00","dateModified":"2023-05-24T21:27:17+00:00","description":"Caballos Llargu\u00e9s presenta a \u4f0a\u5229\u5967\u4e0b\u5348 como resultado a la dedicaci\u00f3n a la cr\u00eda de la raza pura espa\u00f1ola de caballos, yeguas, potros y la venta carruajes.","breadcrumb":{"@id":"https:\/\/caballosllargues.es\/zh-hant\/producto\/%e4%bc%8a%e5%88%a9%e5%a5%a7%e4%b8%8b%e5%8d%88\/#breadcrumb"},"inLanguage":"zh-TW","potentialAction":[{"@type":"ReadAction","target":["https:\/\/caballosllargues.es\/zh-hant\/producto\/%e4%bc%8a%e5%88%a9%e5%a5%a7%e4%b8%8b%e5%8d%88\/"]}]},{"@type":"ImageObject","inLanguage":"zh-TW","@id":"https:\/\/caballosllargues.es\/zh-hant\/producto\/%e4%bc%8a%e5%88%a9%e5%a5%a7%e4%b8%8b%e5%8d%88\/#primaryimage","url":"https:\/\/caballosllargues.es\/wp-content\/uploads\/2023\/05\/ELIO_PM_3-scaled.jpg","contentUrl":"https:\/\/caballosllargues.es\/wp-content\/uploads\/2023\/05\/ELIO_PM_3-scaled.jpg","width":2560,"height":1828},{"@type":"BreadcrumbList","@id":"https:\/\/caballosllargues.es\/zh-hant\/producto\/%e4%bc%8a%e5%88%a9%e5%a5%a7%e4%b8%8b%e5%8d%88\/#breadcrumb","itemListElement":[{"@type":"ListItem","position":1,"name":"Home","item":"https:\/\/caballosllargues.es\/zh-hant\/"},{"@type":"ListItem","position":2,"name":"\u5546\u54c1","item":"https:\/\/caballosllargues.es\/zh-hant\/shop\/"},{"@type":"ListItem","position":3,"name":"\u4f0a\u5229\u5967\u4e0b\u5348"}]},{"@type":"WebSite","@id":"https:\/\/caballosllargues.es\/zh-hant\/#website","url":"https:\/\/caballosllargues.es\/zh-hant\/","name":"Caballos Llargu\u00e9s","description":"Compra - Venta de Caballos","publisher":{"@id":"https:\/\/caballosllargues.es\/zh-hant\/#organization"},"potentialAction":[{"@type":"SearchAction","target":{"@type":"EntryPoint","urlTemplate":"https:\/\/caballosllargues.es\/zh-hant\/?s={search_term_string}"},"query-input":{"@type":"PropertyValueSpecification","valueRequired":true,"valueName":"search_term_string"}}],"inLanguage":"zh-TW"},{"@type":"Organization","@id":"https:\/\/caballosllargues.es\/zh-hant\/#organization","name":"Caballos Llargu\u00e9s","url":"https:\/\/caballosllargues.es\/zh-hant\/","logo":{"@type":"ImageObject","inLanguage":"zh-TW","@id":"https:\/\/caballosllargues.es\/zh-hant\/#\/schema\/logo\/image\/","url":"https:\/\/caballosllargues.es\/wp-content\/uploads\/2022\/07\/Nuevo-Logo-Caballos-Llargues-1.png","contentUrl":"https:\/\/caballosllargues.es\/wp-content\/uploads\/2022\/07\/Nuevo-Logo-Caballos-Llargues-1.png","width":450,"height":367,"caption":"Caballos Llargu\u00e9s"},"image":{"@id":"https:\/\/caballosllargues.es\/zh-hant\/#\/schema\/logo\/image\/"},"sameAs":["https:\/\/www.facebook.com\/caballos.llargues\/?locale=es_ES","https:\/\/www.instagram.com\/caballosllargues\/?hl=es"]}]},"product_price_amount":"0.00","product_price_currency":"EUR","og_availability":"instock","product_availability":"instock","product_condition":"new"},"_links":{"self":[{"href":"https:\/\/caballosllargues.es\/zh-hant\/wp-json\/wp\/v2\/product\/16532","targetHints":{"allow":["GET"]}}],"collection":[{"href":"https:\/\/caballosllargues.es\/zh-hant\/wp-json\/wp\/v2\/product"}],"about":[{"href":"https:\/\/caballosllargues.es\/zh-hant\/wp-json\/wp\/v2\/types\/product"}],"replies":[{"embeddable":true,"href":"https:\/\/caballosllargues.es\/zh-hant\/wp-json\/wp\/v2\/comments?post=16532"}],"wp:featuredmedia":[{"embeddable":true,"href":"https:\/\/caballosllargues.es\/zh-hant\/wp-json\/wp\/v2\/media\/17110"}],"wp:attachment":[{"href":"https:\/\/caballosllargues.es\/zh-hant\/wp-json\/wp\/v2\/media?parent=16532"}],"wp:term":[{"taxonomy":"product_brand","embeddable":true,"href":"https:\/\/caballosllargues.es\/zh-hant\/wp-json\/wp\/v2\/product_brand?post=16532"},{"taxonomy":"product_cat","embeddable":true,"href":"https:\/\/caballosllargues.es\/zh-hant\/wp-json\/wp\/v2\/product_cat?post=16532"},{"taxonomy":"product_tag","embeddable":true,"href":"https:\/\/caballosllargues.es\/zh-hant\/wp-json\/wp\/v2\/product_tag?post=16532"}],"curies":[{"name":"wp","href":"https:\/\/api.w.org\/{rel}","templated":true}]}}